{"id":11529,"date":"2022-02-01T15:09:58","date_gmt":"2022-02-01T14:09:58","guid":{"rendered":"https:\/\/www.forelspa.com\/projects-and-news\/"},"modified":"2025-09-22T12:51:57","modified_gmt":"2025-09-22T10:51:57","slug":"projets-actualites","status":"publish","type":"page","link":"https:\/\/www.forelspa.com\/fr\/projets-actualites\/","title":{"rendered":"Projets &#038; Actualit\u00e9s"},"content":{"rendered":"","protected":false},"excerpt":{"rendered":"","protected":false},"author":3,"featured_media":0,"parent":0,"menu_order":0,"comment_status":"closed","ping_status":"closed","template":"templates\/tpl_projects-case-histories.php","meta":{"_acf_changed":false},"class_list":["post-11529","page","type-page","status-publish","hentry"],"acf":[],"yoast_head":"<!-- This site is optimized with the Yoast SEO plugin v27.0 - https:\/\/yoast.com\/product\/yoast-seo-wordpress\/ -->\n<title>Projets &amp; Actualit\u00e9s - Forel<\/title>\n<meta name=\"description\" content=\"Les derni\u00e8res actualit\u00e9s et les projets de Forel.\" \/>\n<meta name=\"robots\" content=\"index, follow, max-snippet:-1, max-image-preview:large, max-video-preview:-1\" \/>\n<link rel=\"canonical\" href=\"https:\/\/www.forelspa.com\/fr\/projets-actualites\/\" \/>\n<meta property=\"og:locale\" content=\"fr_FR\" \/>\n<meta property=\"og:type\" content=\"article\" \/>\n<meta property=\"og:title\" content=\"Projets &amp; Actualit\u00e9s - Forel\" \/>\n<meta property=\"og:description\" content=\"Les derni\u00e8res actualit\u00e9s et les projets de Forel.\" \/>\n<meta property=\"og:url\" content=\"https:\/\/www.forelspa.com\/fr\/projets-actualites\/\" \/>\n<meta property=\"og:site_name\" content=\"Forel\" \/>\n<meta property=\"article:modified_time\" content=\"2025-09-22T10:51:57+00:00\" \/>\n<meta property=\"og:image\" content=\"https:\/\/www.forelspa.com\/wp-content\/uploads\/2022\/02\/logo-forel.jpg\" \/>\n\t<meta property=\"og:image:width\" content=\"600\" \/>\n\t<meta property=\"og:image:height\" content=\"147\" \/>\n\t<meta property=\"og:image:type\" content=\"image\/jpeg\" \/>\n<meta name=\"twitter:card\" content=\"summary_large_image\" \/>\n<script type=\"application\/ld+json\" class=\"yoast-schema-graph\">{\"@context\":\"https:\/\/schema.org\",\"@graph\":[{\"@type\":\"WebPage\",\"@id\":\"https:\/\/www.forelspa.com\/fr\/projets-actualites\/\",\"url\":\"https:\/\/www.forelspa.com\/fr\/projets-actualites\/\",\"name\":\"Projets & Actualit\u00e9s - Forel\",\"isPartOf\":{\"@id\":\"https:\/\/www.forelspa.com\/fr\/#website\"},\"datePublished\":\"2022-02-01T14:09:58+00:00\",\"dateModified\":\"2025-09-22T10:51:57+00:00\",\"description\":\"Les derni\u00e8res actualit\u00e9s et les projets de Forel.\",\"breadcrumb\":{\"@id\":\"https:\/\/www.forelspa.com\/fr\/projets-actualites\/#breadcrumb\"},\"inLanguage\":\"fr-FR\",\"potentialAction\":[{\"@type\":\"ReadAction\",\"target\":[\"https:\/\/www.forelspa.com\/fr\/projets-actualites\/\"]}]},{\"@type\":\"BreadcrumbList\",\"@id\":\"https:\/\/www.forelspa.com\/fr\/projets-actualites\/#breadcrumb\",\"itemListElement\":[{\"@type\":\"ListItem\",\"position\":1,\"name\":\"Home\",\"item\":\"https:\/\/www.forelspa.com\/fr\/\"},{\"@type\":\"ListItem\",\"position\":2,\"name\":\"Projets &#038; Actualit\u00e9s\"}]},{\"@type\":\"WebSite\",\"@id\":\"https:\/\/www.forelspa.com\/fr\/#website\",\"url\":\"https:\/\/www.forelspa.com\/fr\/\",\"name\":\"Forel\",\"description\":\"Machinery for flat glass &amp; double glazing industries\",\"publisher\":{\"@id\":\"https:\/\/www.forelspa.com\/fr\/#organization\"},\"alternateName\":\"Forel Spa\",\"potentialAction\":[{\"@type\":\"SearchAction\",\"target\":{\"@type\":\"EntryPoint\",\"urlTemplate\":\"https:\/\/www.forelspa.com\/fr\/?s={search_term_string}\"},\"query-input\":{\"@type\":\"PropertyValueSpecification\",\"valueRequired\":true,\"valueName\":\"search_term_string\"}}],\"inLanguage\":\"fr-FR\"},{\"@type\":\"Organization\",\"@id\":\"https:\/\/www.forelspa.com\/fr\/#organization\",\"name\":\"Forel\",\"url\":\"https:\/\/www.forelspa.com\/fr\/\",\"logo\":{\"@type\":\"ImageObject\",\"inLanguage\":\"fr-FR\",\"@id\":\"https:\/\/www.forelspa.com\/fr\/#\/schema\/logo\/image\/\",\"url\":\"https:\/\/www.forelspa.com\/wp-content\/uploads\/2022\/02\/logo-forel.jpg\",\"contentUrl\":\"https:\/\/www.forelspa.com\/wp-content\/uploads\/2022\/02\/logo-forel.jpg\",\"width\":600,\"height\":147,\"caption\":\"Forel\"},\"image\":{\"@id\":\"https:\/\/www.forelspa.com\/fr\/#\/schema\/logo\/image\/\"},\"sameAs\":[\"https:\/\/www.youtube.com\/c\/FORELspa\"]}]}<\/script>\n<!-- \/ Yoast SEO plugin. -->","yoast_head_json":{"title":"Projets & Actualit\u00e9s - Forel","description":"Les derni\u00e8res actualit\u00e9s et les projets de Forel.","robots":{"index":"index","follow":"follow","max-snippet":"max-snippet:-1","max-image-preview":"max-image-preview:large","max-video-preview":"max-video-preview:-1"},"canonical":"https:\/\/www.forelspa.com\/fr\/projets-actualites\/","og_locale":"fr_FR","og_type":"article","og_title":"Projets & Actualit\u00e9s - Forel","og_description":"Les derni\u00e8res actualit\u00e9s et les projets de Forel.","og_url":"https:\/\/www.forelspa.com\/fr\/projets-actualites\/","og_site_name":"Forel","article_modified_time":"2025-09-22T10:51:57+00:00","og_image":[{"width":600,"height":147,"url":"https:\/\/www.forelspa.com\/wp-content\/uploads\/2022\/02\/logo-forel.jpg","type":"image\/jpeg"}],"twitter_card":"summary_large_image","schema":{"@context":"https:\/\/schema.org","@graph":[{"@type":"WebPage","@id":"https:\/\/www.forelspa.com\/fr\/projets-actualites\/","url":"https:\/\/www.forelspa.com\/fr\/projets-actualites\/","name":"Projets & Actualit\u00e9s - Forel","isPartOf":{"@id":"https:\/\/www.forelspa.com\/fr\/#website"},"datePublished":"2022-02-01T14:09:58+00:00","dateModified":"2025-09-22T10:51:57+00:00","description":"Les derni\u00e8res actualit\u00e9s et les projets de Forel.","breadcrumb":{"@id":"https:\/\/www.forelspa.com\/fr\/projets-actualites\/#breadcrumb"},"inLanguage":"fr-FR","potentialAction":[{"@type":"ReadAction","target":["https:\/\/www.forelspa.com\/fr\/projets-actualites\/"]}]},{"@type":"BreadcrumbList","@id":"https:\/\/www.forelspa.com\/fr\/projets-actualites\/#breadcrumb","itemListElement":[{"@type":"ListItem","position":1,"name":"Home","item":"https:\/\/www.forelspa.com\/fr\/"},{"@type":"ListItem","position":2,"name":"Projets &#038; Actualit\u00e9s"}]},{"@type":"WebSite","@id":"https:\/\/www.forelspa.com\/fr\/#website","url":"https:\/\/www.forelspa.com\/fr\/","name":"Forel","description":"Machinery for flat glass &amp; double glazing industries","publisher":{"@id":"https:\/\/www.forelspa.com\/fr\/#organization"},"alternateName":"Forel Spa","potentialAction":[{"@type":"SearchAction","target":{"@type":"EntryPoint","urlTemplate":"https:\/\/www.forelspa.com\/fr\/?s={search_term_string}"},"query-input":{"@type":"PropertyValueSpecification","valueRequired":true,"valueName":"search_term_string"}}],"inLanguage":"fr-FR"},{"@type":"Organization","@id":"https:\/\/www.forelspa.com\/fr\/#organization","name":"Forel","url":"https:\/\/www.forelspa.com\/fr\/","logo":{"@type":"ImageObject","inLanguage":"fr-FR","@id":"https:\/\/www.forelspa.com\/fr\/#\/schema\/logo\/image\/","url":"https:\/\/www.forelspa.com\/wp-content\/uploads\/2022\/02\/logo-forel.jpg","contentUrl":"https:\/\/www.forelspa.com\/wp-content\/uploads\/2022\/02\/logo-forel.jpg","width":600,"height":147,"caption":"Forel"},"image":{"@id":"https:\/\/www.forelspa.com\/fr\/#\/schema\/logo\/image\/"},"sameAs":["https:\/\/www.youtube.com\/c\/FORELspa"]}]}},"_links":{"self":[{"href":"https:\/\/www.forelspa.com\/fr\/wp-json\/wp\/v2\/pages\/11529","targetHints":{"allow":["GET"]}}],"collection":[{"href":"https:\/\/www.forelspa.com\/fr\/wp-json\/wp\/v2\/pages"}],"about":[{"href":"https:\/\/www.forelspa.com\/fr\/wp-json\/wp\/v2\/types\/page"}],"author":[{"embeddable":true,"href":"https:\/\/www.forelspa.com\/fr\/wp-json\/wp\/v2\/users\/3"}],"replies":[{"embeddable":true,"href":"https:\/\/www.forelspa.com\/fr\/wp-json\/wp\/v2\/comments?post=11529"}],"version-history":[{"count":1,"href":"https:\/\/www.forelspa.com\/fr\/wp-json\/wp\/v2\/pages\/11529\/revisions"}],"predecessor-version":[{"id":13198,"href":"https:\/\/www.forelspa.com\/fr\/wp-json\/wp\/v2\/pages\/11529\/revisions\/13198"}],"wp:attachment":[{"href":"https:\/\/www.forelspa.com\/fr\/wp-json\/wp\/v2\/media?parent=11529"}],"curies":[{"name":"wp","href":"https:\/\/api.w.org\/{rel}","templated":true}]}}