{"id":10766,"date":"2021-09-13T12:19:47","date_gmt":"2021-09-13T10:19:47","guid":{"rendered":"https:\/\/www.forelspa.com\/chi-siamo\/"},"modified":"2026-01-20T15:13:18","modified_gmt":"2026-01-20T14:13:18","slug":"a-propos-de-nous","status":"publish","type":"page","link":"https:\/\/www.forelspa.com\/fr\/a-propos-de-nous\/","title":{"rendered":"\u00c0 propos de nous"},"content":{"rendered":"<p>Forel con\u00e7oit, d\u00e9veloppe, fabrique et brevette ses solutions en Italie. Cette forte concentration d&rsquo;activit\u00e9s garantit le plus haut niveau de qualit\u00e9. Toutes les \u00e9tapes du processus, depuis les premiers dessins jusqu&rsquo;au service apr\u00e8s-vente, font l&rsquo;objet d&rsquo;un contr\u00f4le rigoureux.<\/p>\n","protected":false},"excerpt":{"rendered":"<p>Forel con\u00e7oit, d\u00e9veloppe, fabrique et brevette ses solutions en Italie. Cette forte concentration d&rsquo;activit\u00e9s garantit le plus haut niveau de qualit\u00e9. Toutes les \u00e9tapes du processus, depuis les premiers dessins jusqu&rsquo;au service apr\u00e8s-vente, font l&rsquo;objet d&rsquo;un contr\u00f4le rigoureux.<\/p>\n","protected":false},"author":8,"featured_media":0,"parent":0,"menu_order":20,"comment_status":"closed","ping_status":"closed","template":"templates\/tpl_about_us.php","meta":{"_acf_changed":false},"class_list":["post-10766","page","type-page","status-publish","hentry"],"acf":[],"yoast_head":"<!-- This site is optimized with the Yoast SEO plugin v27.0 - https:\/\/yoast.com\/product\/yoast-seo-wordpress\/ -->\n<title>\u00c0 propos de nous - Forel<\/title>\n<meta name=\"description\" content=\"Forel con\u00e7oit, d\u00e9veloppe, produit et brevette ses solutions en Italie. Toutes les phases du processus de production des installations, depuis les premi\u00e8res \u00e9bauches jusqu&#039;au service apr\u00e8s-vente, sont g\u00e9r\u00e9es directement au si\u00e8ge de Forel.\" \/>\n<meta name=\"robots\" content=\"index, follow, max-snippet:-1, max-image-preview:large, max-video-preview:-1\" \/>\n<link rel=\"canonical\" href=\"https:\/\/www.forelspa.com\/fr\/a-propos-de-nous\/\" \/>\n<meta property=\"og:locale\" content=\"fr_FR\" \/>\n<meta property=\"og:type\" content=\"article\" \/>\n<meta property=\"og:title\" content=\"\u00c0 propos de nous - Forel\" \/>\n<meta property=\"og:description\" content=\"Forel con\u00e7oit, d\u00e9veloppe, produit et brevette ses solutions en Italie. Toutes les phases du processus de production des installations, depuis les premi\u00e8res \u00e9bauches jusqu&#039;au service apr\u00e8s-vente, sont g\u00e9r\u00e9es directement au si\u00e8ge de Forel.\" \/>\n<meta property=\"og:url\" content=\"https:\/\/www.forelspa.com\/fr\/a-propos-de-nous\/\" \/>\n<meta property=\"og:site_name\" content=\"Forel\" \/>\n<meta property=\"article:modified_time\" content=\"2026-01-20T14:13:18+00:00\" \/>\n<meta property=\"og:image\" content=\"https:\/\/www.forelspa.com\/wp-content\/uploads\/2022\/02\/logo-forel.jpg\" \/>\n\t<meta property=\"og:image:width\" content=\"600\" \/>\n\t<meta property=\"og:image:height\" content=\"147\" \/>\n\t<meta property=\"og:image:type\" content=\"image\/jpeg\" \/>\n<meta name=\"twitter:card\" content=\"summary_large_image\" \/>\n<meta name=\"twitter:label1\" content=\"Dur\u00e9e de lecture estim\u00e9e\" \/>\n\t<meta name=\"twitter:data1\" content=\"1 minute\" \/>\n<script type=\"application\/ld+json\" class=\"yoast-schema-graph\">{\"@context\":\"https:\/\/schema.org\",\"@graph\":[{\"@type\":\"WebPage\",\"@id\":\"https:\/\/www.forelspa.com\/fr\/a-propos-de-nous\/\",\"url\":\"https:\/\/www.forelspa.com\/fr\/a-propos-de-nous\/\",\"name\":\"\u00c0 propos de nous - Forel\",\"isPartOf\":{\"@id\":\"https:\/\/www.forelspa.com\/fr\/#website\"},\"datePublished\":\"2021-09-13T10:19:47+00:00\",\"dateModified\":\"2026-01-20T14:13:18+00:00\",\"description\":\"Forel con\u00e7oit, d\u00e9veloppe, produit et brevette ses solutions en Italie. Toutes les phases du processus de production des installations, depuis les premi\u00e8res \u00e9bauches jusqu'au service apr\u00e8s-vente, sont g\u00e9r\u00e9es directement au si\u00e8ge de Forel.\",\"breadcrumb\":{\"@id\":\"https:\/\/www.forelspa.com\/fr\/a-propos-de-nous\/#breadcrumb\"},\"inLanguage\":\"fr-FR\",\"potentialAction\":[{\"@type\":\"ReadAction\",\"target\":[\"https:\/\/www.forelspa.com\/fr\/a-propos-de-nous\/\"]}]},{\"@type\":\"BreadcrumbList\",\"@id\":\"https:\/\/www.forelspa.com\/fr\/a-propos-de-nous\/#breadcrumb\",\"itemListElement\":[{\"@type\":\"ListItem\",\"position\":1,\"name\":\"Home\",\"item\":\"https:\/\/www.forelspa.com\/fr\/\"},{\"@type\":\"ListItem\",\"position\":2,\"name\":\"\u00c0 propos de nous\"}]},{\"@type\":\"WebSite\",\"@id\":\"https:\/\/www.forelspa.com\/fr\/#website\",\"url\":\"https:\/\/www.forelspa.com\/fr\/\",\"name\":\"Forel\",\"description\":\"Machinery for flat glass &amp; double glazing industries\",\"publisher\":{\"@id\":\"https:\/\/www.forelspa.com\/fr\/#organization\"},\"alternateName\":\"Forel Spa\",\"potentialAction\":[{\"@type\":\"SearchAction\",\"target\":{\"@type\":\"EntryPoint\",\"urlTemplate\":\"https:\/\/www.forelspa.com\/fr\/?s={search_term_string}\"},\"query-input\":{\"@type\":\"PropertyValueSpecification\",\"valueRequired\":true,\"valueName\":\"search_term_string\"}}],\"inLanguage\":\"fr-FR\"},{\"@type\":\"Organization\",\"@id\":\"https:\/\/www.forelspa.com\/fr\/#organization\",\"name\":\"Forel\",\"url\":\"https:\/\/www.forelspa.com\/fr\/\",\"logo\":{\"@type\":\"ImageObject\",\"inLanguage\":\"fr-FR\",\"@id\":\"https:\/\/www.forelspa.com\/fr\/#\/schema\/logo\/image\/\",\"url\":\"https:\/\/www.forelspa.com\/wp-content\/uploads\/2022\/02\/logo-forel.jpg\",\"contentUrl\":\"https:\/\/www.forelspa.com\/wp-content\/uploads\/2022\/02\/logo-forel.jpg\",\"width\":600,\"height\":147,\"caption\":\"Forel\"},\"image\":{\"@id\":\"https:\/\/www.forelspa.com\/fr\/#\/schema\/logo\/image\/\"},\"sameAs\":[\"https:\/\/www.youtube.com\/c\/FORELspa\"]}]}<\/script>\n<!-- \/ Yoast SEO plugin. -->","yoast_head_json":{"title":"\u00c0 propos de nous - Forel","description":"Forel con\u00e7oit, d\u00e9veloppe, produit et brevette ses solutions en Italie. Toutes les phases du processus de production des installations, depuis les premi\u00e8res \u00e9bauches jusqu'au service apr\u00e8s-vente, sont g\u00e9r\u00e9es directement au si\u00e8ge de Forel.","robots":{"index":"index","follow":"follow","max-snippet":"max-snippet:-1","max-image-preview":"max-image-preview:large","max-video-preview":"max-video-preview:-1"},"canonical":"https:\/\/www.forelspa.com\/fr\/a-propos-de-nous\/","og_locale":"fr_FR","og_type":"article","og_title":"\u00c0 propos de nous - Forel","og_description":"Forel con\u00e7oit, d\u00e9veloppe, produit et brevette ses solutions en Italie. Toutes les phases du processus de production des installations, depuis les premi\u00e8res \u00e9bauches jusqu'au service apr\u00e8s-vente, sont g\u00e9r\u00e9es directement au si\u00e8ge de Forel.","og_url":"https:\/\/www.forelspa.com\/fr\/a-propos-de-nous\/","og_site_name":"Forel","article_modified_time":"2026-01-20T14:13:18+00:00","og_image":[{"width":600,"height":147,"url":"https:\/\/www.forelspa.com\/wp-content\/uploads\/2022\/02\/logo-forel.jpg","type":"image\/jpeg"}],"twitter_card":"summary_large_image","twitter_misc":{"Dur\u00e9e de lecture estim\u00e9e":"1 minute"},"schema":{"@context":"https:\/\/schema.org","@graph":[{"@type":"WebPage","@id":"https:\/\/www.forelspa.com\/fr\/a-propos-de-nous\/","url":"https:\/\/www.forelspa.com\/fr\/a-propos-de-nous\/","name":"\u00c0 propos de nous - Forel","isPartOf":{"@id":"https:\/\/www.forelspa.com\/fr\/#website"},"datePublished":"2021-09-13T10:19:47+00:00","dateModified":"2026-01-20T14:13:18+00:00","description":"Forel con\u00e7oit, d\u00e9veloppe, produit et brevette ses solutions en Italie. Toutes les phases du processus de production des installations, depuis les premi\u00e8res \u00e9bauches jusqu'au service apr\u00e8s-vente, sont g\u00e9r\u00e9es directement au si\u00e8ge de Forel.","breadcrumb":{"@id":"https:\/\/www.forelspa.com\/fr\/a-propos-de-nous\/#breadcrumb"},"inLanguage":"fr-FR","potentialAction":[{"@type":"ReadAction","target":["https:\/\/www.forelspa.com\/fr\/a-propos-de-nous\/"]}]},{"@type":"BreadcrumbList","@id":"https:\/\/www.forelspa.com\/fr\/a-propos-de-nous\/#breadcrumb","itemListElement":[{"@type":"ListItem","position":1,"name":"Home","item":"https:\/\/www.forelspa.com\/fr\/"},{"@type":"ListItem","position":2,"name":"\u00c0 propos de nous"}]},{"@type":"WebSite","@id":"https:\/\/www.forelspa.com\/fr\/#website","url":"https:\/\/www.forelspa.com\/fr\/","name":"Forel","description":"Machinery for flat glass &amp; double glazing industries","publisher":{"@id":"https:\/\/www.forelspa.com\/fr\/#organization"},"alternateName":"Forel Spa","potentialAction":[{"@type":"SearchAction","target":{"@type":"EntryPoint","urlTemplate":"https:\/\/www.forelspa.com\/fr\/?s={search_term_string}"},"query-input":{"@type":"PropertyValueSpecification","valueRequired":true,"valueName":"search_term_string"}}],"inLanguage":"fr-FR"},{"@type":"Organization","@id":"https:\/\/www.forelspa.com\/fr\/#organization","name":"Forel","url":"https:\/\/www.forelspa.com\/fr\/","logo":{"@type":"ImageObject","inLanguage":"fr-FR","@id":"https:\/\/www.forelspa.com\/fr\/#\/schema\/logo\/image\/","url":"https:\/\/www.forelspa.com\/wp-content\/uploads\/2022\/02\/logo-forel.jpg","contentUrl":"https:\/\/www.forelspa.com\/wp-content\/uploads\/2022\/02\/logo-forel.jpg","width":600,"height":147,"caption":"Forel"},"image":{"@id":"https:\/\/www.forelspa.com\/fr\/#\/schema\/logo\/image\/"},"sameAs":["https:\/\/www.youtube.com\/c\/FORELspa"]}]}},"_links":{"self":[{"href":"https:\/\/www.forelspa.com\/fr\/wp-json\/wp\/v2\/pages\/10766","targetHints":{"allow":["GET"]}}],"collection":[{"href":"https:\/\/www.forelspa.com\/fr\/wp-json\/wp\/v2\/pages"}],"about":[{"href":"https:\/\/www.forelspa.com\/fr\/wp-json\/wp\/v2\/types\/page"}],"author":[{"embeddable":true,"href":"https:\/\/www.forelspa.com\/fr\/wp-json\/wp\/v2\/users\/8"}],"replies":[{"embeddable":true,"href":"https:\/\/www.forelspa.com\/fr\/wp-json\/wp\/v2\/comments?post=10766"}],"version-history":[{"count":1,"href":"https:\/\/www.forelspa.com\/fr\/wp-json\/wp\/v2\/pages\/10766\/revisions"}],"predecessor-version":[{"id":14471,"href":"https:\/\/www.forelspa.com\/fr\/wp-json\/wp\/v2\/pages\/10766\/revisions\/14471"}],"wp:attachment":[{"href":"https:\/\/www.forelspa.com\/fr\/wp-json\/wp\/v2\/media?parent=10766"}],"curies":[{"name":"wp","href":"https:\/\/api.w.org\/{rel}","templated":true}]}}