{"id":10762,"date":"2021-09-13T12:19:47","date_gmt":"2021-09-13T10:19:47","guid":{"rendered":"https:\/\/www.forelspa.com\/home\/"},"modified":"2025-10-27T10:46:14","modified_gmt":"2025-10-27T09:46:14","slug":"home","status":"publish","type":"page","link":"https:\/\/www.forelspa.com\/fr\/","title":{"rendered":"Home"},"content":{"rendered":"<p>&#8211;<\/p>\n","protected":false},"excerpt":{"rendered":"<p>&#8211;<\/p>\n","protected":false},"author":8,"featured_media":0,"parent":0,"menu_order":0,"comment_status":"closed","ping_status":"closed","template":"templates\/tpl_homepage.php","meta":{"_acf_changed":false},"class_list":["post-10762","page","type-page","status-publish","hentry"],"acf":[],"yoast_head":"<!-- This site is optimized with the Yoast SEO plugin v27.0 - https:\/\/yoast.com\/product\/yoast-seo-wordpress\/ -->\n<title>FOREL - Fabricant de machines pour verre plat et double vitrage<\/title>\n<meta name=\"description\" content=\"Forel, une entreprise italienne fond\u00e9e en 1976, est sp\u00e9cialis\u00e9e dans le d\u00e9veloppement de solutions pour le traitement du verre plat et du double vitrage.\" \/>\n<meta name=\"robots\" content=\"index, follow, max-snippet:-1, max-image-preview:large, max-video-preview:-1\" \/>\n<link rel=\"canonical\" href=\"https:\/\/www.forelspa.com\/fr\/\" \/>\n<meta property=\"og:locale\" content=\"fr_FR\" \/>\n<meta property=\"og:type\" content=\"article\" \/>\n<meta property=\"og:title\" content=\"FOREL - Fabricant de machines pour verre plat et double vitrage\" \/>\n<meta property=\"og:description\" content=\"Forel, une entreprise italienne fond\u00e9e en 1976, est sp\u00e9cialis\u00e9e dans le d\u00e9veloppement de solutions pour le traitement du verre plat et du double vitrage.\" \/>\n<meta property=\"og:url\" content=\"https:\/\/www.forelspa.com\/fr\/\" \/>\n<meta property=\"og:site_name\" content=\"Forel\" \/>\n<meta property=\"article:modified_time\" content=\"2025-10-27T09:46:14+00:00\" \/>\n<meta property=\"og:image\" content=\"https:\/\/www.forelspa.com\/wp-content\/uploads\/2022\/02\/logo-forel.jpg\" \/>\n\t<meta property=\"og:image:width\" content=\"600\" \/>\n\t<meta property=\"og:image:height\" content=\"147\" \/>\n\t<meta property=\"og:image:type\" content=\"image\/jpeg\" \/>\n<meta name=\"twitter:card\" content=\"summary_large_image\" \/>\n<script type=\"application\/ld+json\" class=\"yoast-schema-graph\">{\"@context\":\"https:\/\/schema.org\",\"@graph\":[{\"@type\":\"WebPage\",\"@id\":\"https:\/\/www.forelspa.com\/fr\/\",\"url\":\"https:\/\/www.forelspa.com\/fr\/\",\"name\":\"FOREL - Fabricant de machines pour verre plat et double vitrage\",\"isPartOf\":{\"@id\":\"https:\/\/www.forelspa.com\/fr\/#website\"},\"datePublished\":\"2021-09-13T10:19:47+00:00\",\"dateModified\":\"2025-10-27T09:46:14+00:00\",\"description\":\"Forel, une entreprise italienne fond\u00e9e en 1976, est sp\u00e9cialis\u00e9e dans le d\u00e9veloppement de solutions pour le traitement du verre plat et du double vitrage.\",\"breadcrumb\":{\"@id\":\"https:\/\/www.forelspa.com\/fr\/#breadcrumb\"},\"inLanguage\":\"fr-FR\",\"potentialAction\":[{\"@type\":\"ReadAction\",\"target\":[\"https:\/\/www.forelspa.com\/fr\/\"]}]},{\"@type\":\"BreadcrumbList\",\"@id\":\"https:\/\/www.forelspa.com\/fr\/#breadcrumb\",\"itemListElement\":[{\"@type\":\"ListItem\",\"position\":1,\"name\":\"Home\",\"item\":\"https:\/\/www.forelspa.com\/fr\/\"},{\"@type\":\"ListItem\",\"position\":2,\"name\":\"Home\"}]},{\"@type\":\"WebSite\",\"@id\":\"https:\/\/www.forelspa.com\/fr\/#website\",\"url\":\"https:\/\/www.forelspa.com\/fr\/\",\"name\":\"Forel\",\"description\":\"Machinery for flat glass &amp; double glazing industries\",\"publisher\":{\"@id\":\"https:\/\/www.forelspa.com\/fr\/#organization\"},\"alternateName\":\"Forel Spa\",\"potentialAction\":[{\"@type\":\"SearchAction\",\"target\":{\"@type\":\"EntryPoint\",\"urlTemplate\":\"https:\/\/www.forelspa.com\/fr\/?s={search_term_string}\"},\"query-input\":{\"@type\":\"PropertyValueSpecification\",\"valueRequired\":true,\"valueName\":\"search_term_string\"}}],\"inLanguage\":\"fr-FR\"},{\"@type\":\"Organization\",\"@id\":\"https:\/\/www.forelspa.com\/fr\/#organization\",\"name\":\"Forel\",\"url\":\"https:\/\/www.forelspa.com\/fr\/\",\"logo\":{\"@type\":\"ImageObject\",\"inLanguage\":\"fr-FR\",\"@id\":\"https:\/\/www.forelspa.com\/fr\/#\/schema\/logo\/image\/\",\"url\":\"https:\/\/www.forelspa.com\/wp-content\/uploads\/2022\/02\/logo-forel.jpg\",\"contentUrl\":\"https:\/\/www.forelspa.com\/wp-content\/uploads\/2022\/02\/logo-forel.jpg\",\"width\":600,\"height\":147,\"caption\":\"Forel\"},\"image\":{\"@id\":\"https:\/\/www.forelspa.com\/fr\/#\/schema\/logo\/image\/\"},\"sameAs\":[\"https:\/\/www.youtube.com\/c\/FORELspa\"]}]}<\/script>\n<!-- \/ Yoast SEO plugin. -->","yoast_head_json":{"title":"FOREL - Fabricant de machines pour verre plat et double vitrage","description":"Forel, une entreprise italienne fond\u00e9e en 1976, est sp\u00e9cialis\u00e9e dans le d\u00e9veloppement de solutions pour le traitement du verre plat et du double vitrage.","robots":{"index":"index","follow":"follow","max-snippet":"max-snippet:-1","max-image-preview":"max-image-preview:large","max-video-preview":"max-video-preview:-1"},"canonical":"https:\/\/www.forelspa.com\/fr\/","og_locale":"fr_FR","og_type":"article","og_title":"FOREL - Fabricant de machines pour verre plat et double vitrage","og_description":"Forel, une entreprise italienne fond\u00e9e en 1976, est sp\u00e9cialis\u00e9e dans le d\u00e9veloppement de solutions pour le traitement du verre plat et du double vitrage.","og_url":"https:\/\/www.forelspa.com\/fr\/","og_site_name":"Forel","article_modified_time":"2025-10-27T09:46:14+00:00","og_image":[{"width":600,"height":147,"url":"https:\/\/www.forelspa.com\/wp-content\/uploads\/2022\/02\/logo-forel.jpg","type":"image\/jpeg"}],"twitter_card":"summary_large_image","schema":{"@context":"https:\/\/schema.org","@graph":[{"@type":"WebPage","@id":"https:\/\/www.forelspa.com\/fr\/","url":"https:\/\/www.forelspa.com\/fr\/","name":"FOREL - Fabricant de machines pour verre plat et double vitrage","isPartOf":{"@id":"https:\/\/www.forelspa.com\/fr\/#website"},"datePublished":"2021-09-13T10:19:47+00:00","dateModified":"2025-10-27T09:46:14+00:00","description":"Forel, une entreprise italienne fond\u00e9e en 1976, est sp\u00e9cialis\u00e9e dans le d\u00e9veloppement de solutions pour le traitement du verre plat et du double vitrage.","breadcrumb":{"@id":"https:\/\/www.forelspa.com\/fr\/#breadcrumb"},"inLanguage":"fr-FR","potentialAction":[{"@type":"ReadAction","target":["https:\/\/www.forelspa.com\/fr\/"]}]},{"@type":"BreadcrumbList","@id":"https:\/\/www.forelspa.com\/fr\/#breadcrumb","itemListElement":[{"@type":"ListItem","position":1,"name":"Home","item":"https:\/\/www.forelspa.com\/fr\/"},{"@type":"ListItem","position":2,"name":"Home"}]},{"@type":"WebSite","@id":"https:\/\/www.forelspa.com\/fr\/#website","url":"https:\/\/www.forelspa.com\/fr\/","name":"Forel","description":"Machinery for flat glass &amp; double glazing industries","publisher":{"@id":"https:\/\/www.forelspa.com\/fr\/#organization"},"alternateName":"Forel Spa","potentialAction":[{"@type":"SearchAction","target":{"@type":"EntryPoint","urlTemplate":"https:\/\/www.forelspa.com\/fr\/?s={search_term_string}"},"query-input":{"@type":"PropertyValueSpecification","valueRequired":true,"valueName":"search_term_string"}}],"inLanguage":"fr-FR"},{"@type":"Organization","@id":"https:\/\/www.forelspa.com\/fr\/#organization","name":"Forel","url":"https:\/\/www.forelspa.com\/fr\/","logo":{"@type":"ImageObject","inLanguage":"fr-FR","@id":"https:\/\/www.forelspa.com\/fr\/#\/schema\/logo\/image\/","url":"https:\/\/www.forelspa.com\/wp-content\/uploads\/2022\/02\/logo-forel.jpg","contentUrl":"https:\/\/www.forelspa.com\/wp-content\/uploads\/2022\/02\/logo-forel.jpg","width":600,"height":147,"caption":"Forel"},"image":{"@id":"https:\/\/www.forelspa.com\/fr\/#\/schema\/logo\/image\/"},"sameAs":["https:\/\/www.youtube.com\/c\/FORELspa"]}]}},"_links":{"self":[{"href":"https:\/\/www.forelspa.com\/fr\/wp-json\/wp\/v2\/pages\/10762","targetHints":{"allow":["GET"]}}],"collection":[{"href":"https:\/\/www.forelspa.com\/fr\/wp-json\/wp\/v2\/pages"}],"about":[{"href":"https:\/\/www.forelspa.com\/fr\/wp-json\/wp\/v2\/types\/page"}],"author":[{"embeddable":true,"href":"https:\/\/www.forelspa.com\/fr\/wp-json\/wp\/v2\/users\/8"}],"replies":[{"embeddable":true,"href":"https:\/\/www.forelspa.com\/fr\/wp-json\/wp\/v2\/comments?post=10762"}],"version-history":[{"count":1,"href":"https:\/\/www.forelspa.com\/fr\/wp-json\/wp\/v2\/pages\/10762\/revisions"}],"predecessor-version":[{"id":11381,"href":"https:\/\/www.forelspa.com\/fr\/wp-json\/wp\/v2\/pages\/10762\/revisions\/11381"}],"wp:attachment":[{"href":"https:\/\/www.forelspa.com\/fr\/wp-json\/wp\/v2\/media?parent=10762"}],"curies":[{"name":"wp","href":"https:\/\/api.w.org\/{rel}","templated":true}]}}