{"id":2254,"date":"2022-02-01T15:26:25","date_gmt":"2022-02-01T14:26:25","guid":{"rendered":"https:\/\/www.forelspa.com\/about-us\/"},"modified":"2026-01-20T15:18:59","modified_gmt":"2026-01-20T14:18:59","slug":"acerca-de-nosotros","status":"publish","type":"page","link":"https:\/\/www.forelspa.com\/es\/acerca-de-nosotros\/","title":{"rendered":"Acerca de nosotros"},"content":{"rendered":"<p>&#8211;<\/p>\n","protected":false},"excerpt":{"rendered":"<p>&#8211;<\/p>\n","protected":false},"author":3,"featured_media":0,"parent":0,"menu_order":20,"comment_status":"closed","ping_status":"closed","template":"templates\/tpl_about_us.php","meta":{"_acf_changed":false},"class_list":["post-2254","page","type-page","status-publish","hentry"],"acf":[],"yoast_head":"<!-- This site is optimized with the Yoast SEO plugin v27.0 - https:\/\/yoast.com\/product\/yoast-seo-wordpress\/ -->\n<title>Acerca de nosotros - Forel<\/title>\n<meta name=\"description\" content=\"Forel dise\u00f1a, desarrolla, fabrica y patenta sus soluciones en Italia. Esta alta concentraci\u00f3n de actividades asegura el m\u00e1s alto nivel de calidad de todos los pasos del proceso, desde los primeros planos hasta el servicio postventa est\u00e1n bajo control.\" \/>\n<meta name=\"robots\" content=\"index, follow, max-snippet:-1, max-image-preview:large, max-video-preview:-1\" \/>\n<link rel=\"canonical\" href=\"https:\/\/www.forelspa.com\/es\/acerca-de-nosotros\/\" \/>\n<meta property=\"og:locale\" content=\"es_ES\" \/>\n<meta property=\"og:type\" content=\"article\" \/>\n<meta property=\"og:title\" content=\"Acerca de nosotros - Forel\" \/>\n<meta property=\"og:description\" content=\"Forel dise\u00f1a, desarrolla, fabrica y patenta sus soluciones en Italia. Esta alta concentraci\u00f3n de actividades asegura el m\u00e1s alto nivel de calidad de todos los pasos del proceso, desde los primeros planos hasta el servicio postventa est\u00e1n bajo control.\" \/>\n<meta property=\"og:url\" content=\"https:\/\/www.forelspa.com\/es\/acerca-de-nosotros\/\" \/>\n<meta property=\"og:site_name\" content=\"Forel\" \/>\n<meta property=\"article:modified_time\" content=\"2026-01-20T14:18:59+00:00\" \/>\n<meta property=\"og:image\" content=\"https:\/\/www.forelspa.com\/wp-content\/uploads\/2022\/02\/logo-forel.jpg\" \/>\n\t<meta property=\"og:image:width\" content=\"600\" \/>\n\t<meta property=\"og:image:height\" content=\"147\" \/>\n\t<meta property=\"og:image:type\" content=\"image\/jpeg\" \/>\n<meta name=\"twitter:card\" content=\"summary_large_image\" \/>\n<script type=\"application\/ld+json\" class=\"yoast-schema-graph\">{\"@context\":\"https:\/\/schema.org\",\"@graph\":[{\"@type\":\"WebPage\",\"@id\":\"https:\/\/www.forelspa.com\/es\/acerca-de-nosotros\/\",\"url\":\"https:\/\/www.forelspa.com\/es\/acerca-de-nosotros\/\",\"name\":\"Acerca de nosotros - Forel\",\"isPartOf\":{\"@id\":\"https:\/\/www.forelspa.com\/es\/#website\"},\"datePublished\":\"2022-02-01T14:26:25+00:00\",\"dateModified\":\"2026-01-20T14:18:59+00:00\",\"description\":\"Forel dise\u00f1a, desarrolla, fabrica y patenta sus soluciones en Italia. Esta alta concentraci\u00f3n de actividades asegura el m\u00e1s alto nivel de calidad de todos los pasos del proceso, desde los primeros planos hasta el servicio postventa est\u00e1n bajo control.\",\"breadcrumb\":{\"@id\":\"https:\/\/www.forelspa.com\/es\/acerca-de-nosotros\/#breadcrumb\"},\"inLanguage\":\"es\",\"potentialAction\":[{\"@type\":\"ReadAction\",\"target\":[\"https:\/\/www.forelspa.com\/es\/acerca-de-nosotros\/\"]}]},{\"@type\":\"BreadcrumbList\",\"@id\":\"https:\/\/www.forelspa.com\/es\/acerca-de-nosotros\/#breadcrumb\",\"itemListElement\":[{\"@type\":\"ListItem\",\"position\":1,\"name\":\"Home\",\"item\":\"https:\/\/www.forelspa.com\/es\/\"},{\"@type\":\"ListItem\",\"position\":2,\"name\":\"Acerca de nosotros\"}]},{\"@type\":\"WebSite\",\"@id\":\"https:\/\/www.forelspa.com\/es\/#website\",\"url\":\"https:\/\/www.forelspa.com\/es\/\",\"name\":\"Forel\",\"description\":\"Machinery for flat glass &amp; double glazing industries\",\"publisher\":{\"@id\":\"https:\/\/www.forelspa.com\/es\/#organization\"},\"alternateName\":\"Forel Spa\",\"potentialAction\":[{\"@type\":\"SearchAction\",\"target\":{\"@type\":\"EntryPoint\",\"urlTemplate\":\"https:\/\/www.forelspa.com\/es\/?s={search_term_string}\"},\"query-input\":{\"@type\":\"PropertyValueSpecification\",\"valueRequired\":true,\"valueName\":\"search_term_string\"}}],\"inLanguage\":\"es\"},{\"@type\":\"Organization\",\"@id\":\"https:\/\/www.forelspa.com\/es\/#organization\",\"name\":\"Forel\",\"url\":\"https:\/\/www.forelspa.com\/es\/\",\"logo\":{\"@type\":\"ImageObject\",\"inLanguage\":\"es\",\"@id\":\"https:\/\/www.forelspa.com\/es\/#\/schema\/logo\/image\/\",\"url\":\"https:\/\/www.forelspa.com\/wp-content\/uploads\/2022\/02\/logo-forel.jpg\",\"contentUrl\":\"https:\/\/www.forelspa.com\/wp-content\/uploads\/2022\/02\/logo-forel.jpg\",\"width\":600,\"height\":147,\"caption\":\"Forel\"},\"image\":{\"@id\":\"https:\/\/www.forelspa.com\/es\/#\/schema\/logo\/image\/\"},\"sameAs\":[\"https:\/\/www.youtube.com\/c\/FORELspa\"]}]}<\/script>\n<!-- \/ Yoast SEO plugin. -->","yoast_head_json":{"title":"Acerca de nosotros - Forel","description":"Forel dise\u00f1a, desarrolla, fabrica y patenta sus soluciones en Italia. Esta alta concentraci\u00f3n de actividades asegura el m\u00e1s alto nivel de calidad de todos los pasos del proceso, desde los primeros planos hasta el servicio postventa est\u00e1n bajo control.","robots":{"index":"index","follow":"follow","max-snippet":"max-snippet:-1","max-image-preview":"max-image-preview:large","max-video-preview":"max-video-preview:-1"},"canonical":"https:\/\/www.forelspa.com\/es\/acerca-de-nosotros\/","og_locale":"es_ES","og_type":"article","og_title":"Acerca de nosotros - Forel","og_description":"Forel dise\u00f1a, desarrolla, fabrica y patenta sus soluciones en Italia. Esta alta concentraci\u00f3n de actividades asegura el m\u00e1s alto nivel de calidad de todos los pasos del proceso, desde los primeros planos hasta el servicio postventa est\u00e1n bajo control.","og_url":"https:\/\/www.forelspa.com\/es\/acerca-de-nosotros\/","og_site_name":"Forel","article_modified_time":"2026-01-20T14:18:59+00:00","og_image":[{"width":600,"height":147,"url":"https:\/\/www.forelspa.com\/wp-content\/uploads\/2022\/02\/logo-forel.jpg","type":"image\/jpeg"}],"twitter_card":"summary_large_image","schema":{"@context":"https:\/\/schema.org","@graph":[{"@type":"WebPage","@id":"https:\/\/www.forelspa.com\/es\/acerca-de-nosotros\/","url":"https:\/\/www.forelspa.com\/es\/acerca-de-nosotros\/","name":"Acerca de nosotros - Forel","isPartOf":{"@id":"https:\/\/www.forelspa.com\/es\/#website"},"datePublished":"2022-02-01T14:26:25+00:00","dateModified":"2026-01-20T14:18:59+00:00","description":"Forel dise\u00f1a, desarrolla, fabrica y patenta sus soluciones en Italia. Esta alta concentraci\u00f3n de actividades asegura el m\u00e1s alto nivel de calidad de todos los pasos del proceso, desde los primeros planos hasta el servicio postventa est\u00e1n bajo control.","breadcrumb":{"@id":"https:\/\/www.forelspa.com\/es\/acerca-de-nosotros\/#breadcrumb"},"inLanguage":"es","potentialAction":[{"@type":"ReadAction","target":["https:\/\/www.forelspa.com\/es\/acerca-de-nosotros\/"]}]},{"@type":"BreadcrumbList","@id":"https:\/\/www.forelspa.com\/es\/acerca-de-nosotros\/#breadcrumb","itemListElement":[{"@type":"ListItem","position":1,"name":"Home","item":"https:\/\/www.forelspa.com\/es\/"},{"@type":"ListItem","position":2,"name":"Acerca de nosotros"}]},{"@type":"WebSite","@id":"https:\/\/www.forelspa.com\/es\/#website","url":"https:\/\/www.forelspa.com\/es\/","name":"Forel","description":"Machinery for flat glass &amp; double glazing industries","publisher":{"@id":"https:\/\/www.forelspa.com\/es\/#organization"},"alternateName":"Forel Spa","potentialAction":[{"@type":"SearchAction","target":{"@type":"EntryPoint","urlTemplate":"https:\/\/www.forelspa.com\/es\/?s={search_term_string}"},"query-input":{"@type":"PropertyValueSpecification","valueRequired":true,"valueName":"search_term_string"}}],"inLanguage":"es"},{"@type":"Organization","@id":"https:\/\/www.forelspa.com\/es\/#organization","name":"Forel","url":"https:\/\/www.forelspa.com\/es\/","logo":{"@type":"ImageObject","inLanguage":"es","@id":"https:\/\/www.forelspa.com\/es\/#\/schema\/logo\/image\/","url":"https:\/\/www.forelspa.com\/wp-content\/uploads\/2022\/02\/logo-forel.jpg","contentUrl":"https:\/\/www.forelspa.com\/wp-content\/uploads\/2022\/02\/logo-forel.jpg","width":600,"height":147,"caption":"Forel"},"image":{"@id":"https:\/\/www.forelspa.com\/es\/#\/schema\/logo\/image\/"},"sameAs":["https:\/\/www.youtube.com\/c\/FORELspa"]}]}},"_links":{"self":[{"href":"https:\/\/www.forelspa.com\/es\/wp-json\/wp\/v2\/pages\/2254","targetHints":{"allow":["GET"]}}],"collection":[{"href":"https:\/\/www.forelspa.com\/es\/wp-json\/wp\/v2\/pages"}],"about":[{"href":"https:\/\/www.forelspa.com\/es\/wp-json\/wp\/v2\/types\/page"}],"author":[{"embeddable":true,"href":"https:\/\/www.forelspa.com\/es\/wp-json\/wp\/v2\/users\/3"}],"replies":[{"embeddable":true,"href":"https:\/\/www.forelspa.com\/es\/wp-json\/wp\/v2\/comments?post=2254"}],"version-history":[{"count":1,"href":"https:\/\/www.forelspa.com\/es\/wp-json\/wp\/v2\/pages\/2254\/revisions"}],"predecessor-version":[{"id":14476,"href":"https:\/\/www.forelspa.com\/es\/wp-json\/wp\/v2\/pages\/2254\/revisions\/14476"}],"wp:attachment":[{"href":"https:\/\/www.forelspa.com\/es\/wp-json\/wp\/v2\/media?parent=2254"}],"curies":[{"name":"wp","href":"https:\/\/api.w.org\/{rel}","templated":true}]}}