{"id":2214,"date":"2022-02-01T15:13:48","date_gmt":"2022-02-01T14:13:48","guid":{"rendered":"https:\/\/www.forelspa.com\/services\/"},"modified":"2025-09-22T12:29:24","modified_gmt":"2025-09-22T10:29:24","slug":"servicio-tecnico","status":"publish","type":"page","link":"https:\/\/www.forelspa.com\/es\/servicio-tecnico\/","title":{"rendered":"Servicio t\u00e9cnico"},"content":{"rendered":"<p>El servicio t\u00e9cnico de FOREL est\u00e1 concebido expresamente para las necesidades de nuestros clientes. Usamos las tecnolog\u00edas m\u00e1s avanzadas con una interfaz de conexi\u00f3n directamente en l\u00ednea para hacer todas las operaciones y modificaciones desde nuestra sede hasta el panel de mando de la m\u00e1quina. FOREL es el colaborador que nunca lo abandona.<\/p>\n","protected":false},"excerpt":{"rendered":"<p>El servicio t\u00e9cnico de FOREL est\u00e1 concebido expresamente para las necesidades de nuestros clientes. Usamos las tecnolog\u00edas m\u00e1s avanzadas con una interfaz de conexi\u00f3n directamente en l\u00ednea para hacer todas las operaciones y modificaciones desde nuestra sede hasta el panel de mando de la m\u00e1quina. FOREL es el colaborador que nunca lo abandona.<\/p>\n","protected":false},"author":3,"featured_media":1938,"parent":0,"menu_order":0,"comment_status":"closed","ping_status":"closed","template":"templates\/tpl_services.php","meta":{"_acf_changed":false},"class_list":["post-2214","page","type-page","status-publish","has-post-thumbnail","hentry"],"acf":[],"yoast_head":"<!-- This site is optimized with the Yoast SEO plugin v27.0 - https:\/\/yoast.com\/product\/yoast-seo-wordpress\/ -->\n<title>Servicio t\u00e9cnico Forel<\/title>\n<meta name=\"description\" content=\"El servicio Forel ha sido concebido expresamente para satisfacer las necesidades de nuestros clientes.\" \/>\n<meta name=\"robots\" content=\"index, follow, max-snippet:-1, max-image-preview:large, max-video-preview:-1\" \/>\n<link rel=\"canonical\" href=\"https:\/\/www.forelspa.com\/es\/servicio-tecnico\/\" \/>\n<meta property=\"og:locale\" content=\"es_ES\" \/>\n<meta property=\"og:type\" content=\"article\" \/>\n<meta property=\"og:title\" content=\"Servicio t\u00e9cnico Forel\" \/>\n<meta property=\"og:description\" content=\"El servicio Forel ha sido concebido expresamente para satisfacer las necesidades de nuestros clientes.\" \/>\n<meta property=\"og:url\" content=\"https:\/\/www.forelspa.com\/es\/servicio-tecnico\/\" \/>\n<meta property=\"og:site_name\" content=\"Forel\" \/>\n<meta property=\"article:modified_time\" content=\"2025-09-22T10:29:24+00:00\" \/>\n<meta property=\"og:image\" content=\"https:\/\/www.forelspa.com\/wp-content\/uploads\/2021\/10\/FOREL-SERVICE-1.png\" \/>\n\t<meta property=\"og:image:width\" content=\"1434\" \/>\n\t<meta property=\"og:image:height\" content=\"768\" \/>\n\t<meta property=\"og:image:type\" content=\"image\/png\" \/>\n<meta name=\"twitter:card\" content=\"summary_large_image\" \/>\n<meta name=\"twitter:label1\" content=\"Tiempo de lectura\" \/>\n\t<meta name=\"twitter:data1\" content=\"1 minuto\" \/>\n<script type=\"application\/ld+json\" class=\"yoast-schema-graph\">{\"@context\":\"https:\/\/schema.org\",\"@graph\":[{\"@type\":\"WebPage\",\"@id\":\"https:\/\/www.forelspa.com\/es\/servicio-tecnico\/\",\"url\":\"https:\/\/www.forelspa.com\/es\/servicio-tecnico\/\",\"name\":\"Servicio t\u00e9cnico Forel\",\"isPartOf\":{\"@id\":\"https:\/\/www.forelspa.com\/es\/#website\"},\"primaryImageOfPage\":{\"@id\":\"https:\/\/www.forelspa.com\/es\/servicio-tecnico\/#primaryimage\"},\"image\":{\"@id\":\"https:\/\/www.forelspa.com\/es\/servicio-tecnico\/#primaryimage\"},\"thumbnailUrl\":\"https:\/\/www.forelspa.com\/wp-content\/uploads\/2021\/10\/FOREL-SERVICE-1.png\",\"datePublished\":\"2022-02-01T14:13:48+00:00\",\"dateModified\":\"2025-09-22T10:29:24+00:00\",\"description\":\"El servicio Forel ha sido concebido expresamente para satisfacer las necesidades de nuestros clientes.\",\"breadcrumb\":{\"@id\":\"https:\/\/www.forelspa.com\/es\/servicio-tecnico\/#breadcrumb\"},\"inLanguage\":\"es\",\"potentialAction\":[{\"@type\":\"ReadAction\",\"target\":[\"https:\/\/www.forelspa.com\/es\/servicio-tecnico\/\"]}]},{\"@type\":\"ImageObject\",\"inLanguage\":\"es\",\"@id\":\"https:\/\/www.forelspa.com\/es\/servicio-tecnico\/#primaryimage\",\"url\":\"https:\/\/www.forelspa.com\/wp-content\/uploads\/2021\/10\/FOREL-SERVICE-1.png\",\"contentUrl\":\"https:\/\/www.forelspa.com\/wp-content\/uploads\/2021\/10\/FOREL-SERVICE-1.png\",\"width\":1434,\"height\":768},{\"@type\":\"BreadcrumbList\",\"@id\":\"https:\/\/www.forelspa.com\/es\/servicio-tecnico\/#breadcrumb\",\"itemListElement\":[{\"@type\":\"ListItem\",\"position\":1,\"name\":\"Home\",\"item\":\"https:\/\/www.forelspa.com\/es\/\"},{\"@type\":\"ListItem\",\"position\":2,\"name\":\"Servicio t\u00e9cnico\"}]},{\"@type\":\"WebSite\",\"@id\":\"https:\/\/www.forelspa.com\/es\/#website\",\"url\":\"https:\/\/www.forelspa.com\/es\/\",\"name\":\"Forel\",\"description\":\"Machinery for flat glass &amp; double glazing industries\",\"publisher\":{\"@id\":\"https:\/\/www.forelspa.com\/es\/#organization\"},\"alternateName\":\"Forel Spa\",\"potentialAction\":[{\"@type\":\"SearchAction\",\"target\":{\"@type\":\"EntryPoint\",\"urlTemplate\":\"https:\/\/www.forelspa.com\/es\/?s={search_term_string}\"},\"query-input\":{\"@type\":\"PropertyValueSpecification\",\"valueRequired\":true,\"valueName\":\"search_term_string\"}}],\"inLanguage\":\"es\"},{\"@type\":\"Organization\",\"@id\":\"https:\/\/www.forelspa.com\/es\/#organization\",\"name\":\"Forel\",\"url\":\"https:\/\/www.forelspa.com\/es\/\",\"logo\":{\"@type\":\"ImageObject\",\"inLanguage\":\"es\",\"@id\":\"https:\/\/www.forelspa.com\/es\/#\/schema\/logo\/image\/\",\"url\":\"https:\/\/www.forelspa.com\/wp-content\/uploads\/2022\/02\/logo-forel.jpg\",\"contentUrl\":\"https:\/\/www.forelspa.com\/wp-content\/uploads\/2022\/02\/logo-forel.jpg\",\"width\":600,\"height\":147,\"caption\":\"Forel\"},\"image\":{\"@id\":\"https:\/\/www.forelspa.com\/es\/#\/schema\/logo\/image\/\"},\"sameAs\":[\"https:\/\/www.youtube.com\/c\/FORELspa\"]}]}<\/script>\n<!-- \/ Yoast SEO plugin. -->","yoast_head_json":{"title":"Servicio t\u00e9cnico Forel","description":"El servicio Forel ha sido concebido expresamente para satisfacer las necesidades de nuestros clientes.","robots":{"index":"index","follow":"follow","max-snippet":"max-snippet:-1","max-image-preview":"max-image-preview:large","max-video-preview":"max-video-preview:-1"},"canonical":"https:\/\/www.forelspa.com\/es\/servicio-tecnico\/","og_locale":"es_ES","og_type":"article","og_title":"Servicio t\u00e9cnico Forel","og_description":"El servicio Forel ha sido concebido expresamente para satisfacer las necesidades de nuestros clientes.","og_url":"https:\/\/www.forelspa.com\/es\/servicio-tecnico\/","og_site_name":"Forel","article_modified_time":"2025-09-22T10:29:24+00:00","og_image":[{"width":1434,"height":768,"url":"https:\/\/www.forelspa.com\/wp-content\/uploads\/2021\/10\/FOREL-SERVICE-1.png","type":"image\/png"}],"twitter_card":"summary_large_image","twitter_misc":{"Tiempo de lectura":"1 minuto"},"schema":{"@context":"https:\/\/schema.org","@graph":[{"@type":"WebPage","@id":"https:\/\/www.forelspa.com\/es\/servicio-tecnico\/","url":"https:\/\/www.forelspa.com\/es\/servicio-tecnico\/","name":"Servicio t\u00e9cnico Forel","isPartOf":{"@id":"https:\/\/www.forelspa.com\/es\/#website"},"primaryImageOfPage":{"@id":"https:\/\/www.forelspa.com\/es\/servicio-tecnico\/#primaryimage"},"image":{"@id":"https:\/\/www.forelspa.com\/es\/servicio-tecnico\/#primaryimage"},"thumbnailUrl":"https:\/\/www.forelspa.com\/wp-content\/uploads\/2021\/10\/FOREL-SERVICE-1.png","datePublished":"2022-02-01T14:13:48+00:00","dateModified":"2025-09-22T10:29:24+00:00","description":"El servicio Forel ha sido concebido expresamente para satisfacer las necesidades de nuestros clientes.","breadcrumb":{"@id":"https:\/\/www.forelspa.com\/es\/servicio-tecnico\/#breadcrumb"},"inLanguage":"es","potentialAction":[{"@type":"ReadAction","target":["https:\/\/www.forelspa.com\/es\/servicio-tecnico\/"]}]},{"@type":"ImageObject","inLanguage":"es","@id":"https:\/\/www.forelspa.com\/es\/servicio-tecnico\/#primaryimage","url":"https:\/\/www.forelspa.com\/wp-content\/uploads\/2021\/10\/FOREL-SERVICE-1.png","contentUrl":"https:\/\/www.forelspa.com\/wp-content\/uploads\/2021\/10\/FOREL-SERVICE-1.png","width":1434,"height":768},{"@type":"BreadcrumbList","@id":"https:\/\/www.forelspa.com\/es\/servicio-tecnico\/#breadcrumb","itemListElement":[{"@type":"ListItem","position":1,"name":"Home","item":"https:\/\/www.forelspa.com\/es\/"},{"@type":"ListItem","position":2,"name":"Servicio t\u00e9cnico"}]},{"@type":"WebSite","@id":"https:\/\/www.forelspa.com\/es\/#website","url":"https:\/\/www.forelspa.com\/es\/","name":"Forel","description":"Machinery for flat glass &amp; double glazing industries","publisher":{"@id":"https:\/\/www.forelspa.com\/es\/#organization"},"alternateName":"Forel Spa","potentialAction":[{"@type":"SearchAction","target":{"@type":"EntryPoint","urlTemplate":"https:\/\/www.forelspa.com\/es\/?s={search_term_string}"},"query-input":{"@type":"PropertyValueSpecification","valueRequired":true,"valueName":"search_term_string"}}],"inLanguage":"es"},{"@type":"Organization","@id":"https:\/\/www.forelspa.com\/es\/#organization","name":"Forel","url":"https:\/\/www.forelspa.com\/es\/","logo":{"@type":"ImageObject","inLanguage":"es","@id":"https:\/\/www.forelspa.com\/es\/#\/schema\/logo\/image\/","url":"https:\/\/www.forelspa.com\/wp-content\/uploads\/2022\/02\/logo-forel.jpg","contentUrl":"https:\/\/www.forelspa.com\/wp-content\/uploads\/2022\/02\/logo-forel.jpg","width":600,"height":147,"caption":"Forel"},"image":{"@id":"https:\/\/www.forelspa.com\/es\/#\/schema\/logo\/image\/"},"sameAs":["https:\/\/www.youtube.com\/c\/FORELspa"]}]}},"_links":{"self":[{"href":"https:\/\/www.forelspa.com\/es\/wp-json\/wp\/v2\/pages\/2214","targetHints":{"allow":["GET"]}}],"collection":[{"href":"https:\/\/www.forelspa.com\/es\/wp-json\/wp\/v2\/pages"}],"about":[{"href":"https:\/\/www.forelspa.com\/es\/wp-json\/wp\/v2\/types\/page"}],"author":[{"embeddable":true,"href":"https:\/\/www.forelspa.com\/es\/wp-json\/wp\/v2\/users\/3"}],"replies":[{"embeddable":true,"href":"https:\/\/www.forelspa.com\/es\/wp-json\/wp\/v2\/comments?post=2214"}],"version-history":[{"count":1,"href":"https:\/\/www.forelspa.com\/es\/wp-json\/wp\/v2\/pages\/2214\/revisions"}],"predecessor-version":[{"id":2216,"href":"https:\/\/www.forelspa.com\/es\/wp-json\/wp\/v2\/pages\/2214\/revisions\/2216"}],"wp:featuredmedia":[{"embeddable":true,"href":"https:\/\/www.forelspa.com\/es\/wp-json\/wp\/v2\/media\/1938"}],"wp:attachment":[{"href":"https:\/\/www.forelspa.com\/es\/wp-json\/wp\/v2\/media?parent=2214"}],"curies":[{"name":"wp","href":"https:\/\/api.w.org\/{rel}","templated":true}]}}