{"id":2477,"date":"2022-02-01T15:13:48","date_gmt":"2022-02-01T14:13:48","guid":{"rendered":"https:\/\/www.forelspa.com\/services\/"},"modified":"2025-09-22T12:26:43","modified_gmt":"2025-09-22T10:26:43","slug":"technischer-kundendienst","status":"publish","type":"page","link":"https:\/\/www.forelspa.com\/de\/technischer-kundendienst\/","title":{"rendered":"Technischer Kundendienst"},"content":{"rendered":"<p>FOREL Service wurde ausdr\u00fccklich f\u00fcr die Bed\u00fcrfnisse unserer Kunden konzipiert. Wir nutzen die fortschrittlichsten Technologien und schaffen direkt online eine Schnittstellenverbindung, so dass wir alle Eingriffe und \u00c4nderungen an der Steuertafel der Maschine von unserem Firmensitz aus vornehmen. FOREL ist der Partner, der Sie nie alleine l\u00e4sst.<\/p>\n","protected":false},"excerpt":{"rendered":"<p>FOREL Service wurde ausdr\u00fccklich f\u00fcr die Bed\u00fcrfnisse unserer Kunden konzipiert. Wir nutzen die fortschrittlichsten Technologien und schaffen direkt online eine Schnittstellenverbindung, so dass wir alle Eingriffe und \u00c4nderungen an der Steuertafel der Maschine von unserem Firmensitz aus vornehmen. FOREL ist der Partner, der Sie nie alleine l\u00e4sst.<\/p>\n","protected":false},"author":3,"featured_media":1937,"parent":0,"menu_order":0,"comment_status":"closed","ping_status":"closed","template":"templates\/tpl_services.php","meta":{"_acf_changed":false},"class_list":["post-2477","page","type-page","status-publish","has-post-thumbnail","hentry"],"acf":[],"yoast_head":"<!-- This site is optimized with the Yoast SEO plugin v27.0 - https:\/\/yoast.com\/product\/yoast-seo-wordpress\/ -->\n<title>Technischer Kundendienst<\/title>\n<meta name=\"description\" content=\"FOREL Service wurde ausdr\u00fccklich f\u00fcr die Bed\u00fcrfnisse unserer Kunden konzipiert. Wir nutzen die fortschrittlichsten Technologien und schaffen direkt online eine Schnittstellenverbindung, so dass wir alle Eingriffe und \u00c4nderungen an der Steuertafel der Maschine von unserem Firmensitz aus vornehmen.\" \/>\n<meta name=\"robots\" content=\"index, follow, max-snippet:-1, max-image-preview:large, max-video-preview:-1\" \/>\n<link rel=\"canonical\" href=\"https:\/\/www.forelspa.com\/de\/technischer-kundendienst\/\" \/>\n<meta property=\"og:locale\" content=\"de_DE\" \/>\n<meta property=\"og:type\" content=\"article\" \/>\n<meta property=\"og:title\" content=\"Technischer Kundendienst\" \/>\n<meta property=\"og:description\" content=\"FOREL Service wurde ausdr\u00fccklich f\u00fcr die Bed\u00fcrfnisse unserer Kunden konzipiert. Wir nutzen die fortschrittlichsten Technologien und schaffen direkt online eine Schnittstellenverbindung, so dass wir alle Eingriffe und \u00c4nderungen an der Steuertafel der Maschine von unserem Firmensitz aus vornehmen.\" \/>\n<meta property=\"og:url\" content=\"https:\/\/www.forelspa.com\/de\/technischer-kundendienst\/\" \/>\n<meta property=\"og:site_name\" content=\"Forel\" \/>\n<meta property=\"article:modified_time\" content=\"2025-09-22T10:26:43+00:00\" \/>\n<meta property=\"og:image\" content=\"https:\/\/www.forelspa.com\/wp-content\/uploads\/2021\/10\/FOREL-SERVICE-1.png\" \/>\n\t<meta property=\"og:image:width\" content=\"1434\" \/>\n\t<meta property=\"og:image:height\" content=\"768\" \/>\n\t<meta property=\"og:image:type\" content=\"image\/png\" \/>\n<meta name=\"twitter:card\" content=\"summary_large_image\" \/>\n<meta name=\"twitter:label1\" content=\"Gesch\u00e4tzte Lesezeit\" \/>\n\t<meta name=\"twitter:data1\" content=\"1\u00a0Minute\" \/>\n<script type=\"application\/ld+json\" class=\"yoast-schema-graph\">{\"@context\":\"https:\/\/schema.org\",\"@graph\":[{\"@type\":\"WebPage\",\"@id\":\"https:\/\/www.forelspa.com\/de\/technischer-kundendienst\/\",\"url\":\"https:\/\/www.forelspa.com\/de\/technischer-kundendienst\/\",\"name\":\"Technischer Kundendienst\",\"isPartOf\":{\"@id\":\"https:\/\/www.forelspa.com\/de\/#website\"},\"primaryImageOfPage\":{\"@id\":\"https:\/\/www.forelspa.com\/de\/technischer-kundendienst\/#primaryimage\"},\"image\":{\"@id\":\"https:\/\/www.forelspa.com\/de\/technischer-kundendienst\/#primaryimage\"},\"thumbnailUrl\":\"https:\/\/www.forelspa.com\/wp-content\/uploads\/2021\/10\/FOREL-SERVICE-1.png\",\"datePublished\":\"2022-02-01T14:13:48+00:00\",\"dateModified\":\"2025-09-22T10:26:43+00:00\",\"description\":\"FOREL Service wurde ausdr\u00fccklich f\u00fcr die Bed\u00fcrfnisse unserer Kunden konzipiert. Wir nutzen die fortschrittlichsten Technologien und schaffen direkt online eine Schnittstellenverbindung, so dass wir alle Eingriffe und \u00c4nderungen an der Steuertafel der Maschine von unserem Firmensitz aus vornehmen.\",\"breadcrumb\":{\"@id\":\"https:\/\/www.forelspa.com\/de\/technischer-kundendienst\/#breadcrumb\"},\"inLanguage\":\"de\",\"potentialAction\":[{\"@type\":\"ReadAction\",\"target\":[\"https:\/\/www.forelspa.com\/de\/technischer-kundendienst\/\"]}]},{\"@type\":\"ImageObject\",\"inLanguage\":\"de\",\"@id\":\"https:\/\/www.forelspa.com\/de\/technischer-kundendienst\/#primaryimage\",\"url\":\"https:\/\/www.forelspa.com\/wp-content\/uploads\/2021\/10\/FOREL-SERVICE-1.png\",\"contentUrl\":\"https:\/\/www.forelspa.com\/wp-content\/uploads\/2021\/10\/FOREL-SERVICE-1.png\",\"width\":1434,\"height\":768},{\"@type\":\"BreadcrumbList\",\"@id\":\"https:\/\/www.forelspa.com\/de\/technischer-kundendienst\/#breadcrumb\",\"itemListElement\":[{\"@type\":\"ListItem\",\"position\":1,\"name\":\"Home\",\"item\":\"https:\/\/www.forelspa.com\/de\/\"},{\"@type\":\"ListItem\",\"position\":2,\"name\":\"Technischer Kundendienst\"}]},{\"@type\":\"WebSite\",\"@id\":\"https:\/\/www.forelspa.com\/de\/#website\",\"url\":\"https:\/\/www.forelspa.com\/de\/\",\"name\":\"Forel\",\"description\":\"Machinery for flat glass &amp; double glazing industries\",\"publisher\":{\"@id\":\"https:\/\/www.forelspa.com\/de\/#organization\"},\"alternateName\":\"Forel Spa\",\"potentialAction\":[{\"@type\":\"SearchAction\",\"target\":{\"@type\":\"EntryPoint\",\"urlTemplate\":\"https:\/\/www.forelspa.com\/de\/?s={search_term_string}\"},\"query-input\":{\"@type\":\"PropertyValueSpecification\",\"valueRequired\":true,\"valueName\":\"search_term_string\"}}],\"inLanguage\":\"de\"},{\"@type\":\"Organization\",\"@id\":\"https:\/\/www.forelspa.com\/de\/#organization\",\"name\":\"Forel\",\"url\":\"https:\/\/www.forelspa.com\/de\/\",\"logo\":{\"@type\":\"ImageObject\",\"inLanguage\":\"de\",\"@id\":\"https:\/\/www.forelspa.com\/de\/#\/schema\/logo\/image\/\",\"url\":\"https:\/\/www.forelspa.com\/wp-content\/uploads\/2022\/02\/logo-forel.jpg\",\"contentUrl\":\"https:\/\/www.forelspa.com\/wp-content\/uploads\/2022\/02\/logo-forel.jpg\",\"width\":600,\"height\":147,\"caption\":\"Forel\"},\"image\":{\"@id\":\"https:\/\/www.forelspa.com\/de\/#\/schema\/logo\/image\/\"},\"sameAs\":[\"https:\/\/www.youtube.com\/c\/FORELspa\"]}]}<\/script>\n<!-- \/ Yoast SEO plugin. -->","yoast_head_json":{"title":"Technischer Kundendienst","description":"FOREL Service wurde ausdr\u00fccklich f\u00fcr die Bed\u00fcrfnisse unserer Kunden konzipiert. Wir nutzen die fortschrittlichsten Technologien und schaffen direkt online eine Schnittstellenverbindung, so dass wir alle Eingriffe und \u00c4nderungen an der Steuertafel der Maschine von unserem Firmensitz aus vornehmen.","robots":{"index":"index","follow":"follow","max-snippet":"max-snippet:-1","max-image-preview":"max-image-preview:large","max-video-preview":"max-video-preview:-1"},"canonical":"https:\/\/www.forelspa.com\/de\/technischer-kundendienst\/","og_locale":"de_DE","og_type":"article","og_title":"Technischer Kundendienst","og_description":"FOREL Service wurde ausdr\u00fccklich f\u00fcr die Bed\u00fcrfnisse unserer Kunden konzipiert. Wir nutzen die fortschrittlichsten Technologien und schaffen direkt online eine Schnittstellenverbindung, so dass wir alle Eingriffe und \u00c4nderungen an der Steuertafel der Maschine von unserem Firmensitz aus vornehmen.","og_url":"https:\/\/www.forelspa.com\/de\/technischer-kundendienst\/","og_site_name":"Forel","article_modified_time":"2025-09-22T10:26:43+00:00","og_image":[{"width":1434,"height":768,"url":"https:\/\/www.forelspa.com\/wp-content\/uploads\/2021\/10\/FOREL-SERVICE-1.png","type":"image\/png"}],"twitter_card":"summary_large_image","twitter_misc":{"Gesch\u00e4tzte Lesezeit":"1\u00a0Minute"},"schema":{"@context":"https:\/\/schema.org","@graph":[{"@type":"WebPage","@id":"https:\/\/www.forelspa.com\/de\/technischer-kundendienst\/","url":"https:\/\/www.forelspa.com\/de\/technischer-kundendienst\/","name":"Technischer Kundendienst","isPartOf":{"@id":"https:\/\/www.forelspa.com\/de\/#website"},"primaryImageOfPage":{"@id":"https:\/\/www.forelspa.com\/de\/technischer-kundendienst\/#primaryimage"},"image":{"@id":"https:\/\/www.forelspa.com\/de\/technischer-kundendienst\/#primaryimage"},"thumbnailUrl":"https:\/\/www.forelspa.com\/wp-content\/uploads\/2021\/10\/FOREL-SERVICE-1.png","datePublished":"2022-02-01T14:13:48+00:00","dateModified":"2025-09-22T10:26:43+00:00","description":"FOREL Service wurde ausdr\u00fccklich f\u00fcr die Bed\u00fcrfnisse unserer Kunden konzipiert. Wir nutzen die fortschrittlichsten Technologien und schaffen direkt online eine Schnittstellenverbindung, so dass wir alle Eingriffe und \u00c4nderungen an der Steuertafel der Maschine von unserem Firmensitz aus vornehmen.","breadcrumb":{"@id":"https:\/\/www.forelspa.com\/de\/technischer-kundendienst\/#breadcrumb"},"inLanguage":"de","potentialAction":[{"@type":"ReadAction","target":["https:\/\/www.forelspa.com\/de\/technischer-kundendienst\/"]}]},{"@type":"ImageObject","inLanguage":"de","@id":"https:\/\/www.forelspa.com\/de\/technischer-kundendienst\/#primaryimage","url":"https:\/\/www.forelspa.com\/wp-content\/uploads\/2021\/10\/FOREL-SERVICE-1.png","contentUrl":"https:\/\/www.forelspa.com\/wp-content\/uploads\/2021\/10\/FOREL-SERVICE-1.png","width":1434,"height":768},{"@type":"BreadcrumbList","@id":"https:\/\/www.forelspa.com\/de\/technischer-kundendienst\/#breadcrumb","itemListElement":[{"@type":"ListItem","position":1,"name":"Home","item":"https:\/\/www.forelspa.com\/de\/"},{"@type":"ListItem","position":2,"name":"Technischer Kundendienst"}]},{"@type":"WebSite","@id":"https:\/\/www.forelspa.com\/de\/#website","url":"https:\/\/www.forelspa.com\/de\/","name":"Forel","description":"Machinery for flat glass &amp; double glazing industries","publisher":{"@id":"https:\/\/www.forelspa.com\/de\/#organization"},"alternateName":"Forel Spa","potentialAction":[{"@type":"SearchAction","target":{"@type":"EntryPoint","urlTemplate":"https:\/\/www.forelspa.com\/de\/?s={search_term_string}"},"query-input":{"@type":"PropertyValueSpecification","valueRequired":true,"valueName":"search_term_string"}}],"inLanguage":"de"},{"@type":"Organization","@id":"https:\/\/www.forelspa.com\/de\/#organization","name":"Forel","url":"https:\/\/www.forelspa.com\/de\/","logo":{"@type":"ImageObject","inLanguage":"de","@id":"https:\/\/www.forelspa.com\/de\/#\/schema\/logo\/image\/","url":"https:\/\/www.forelspa.com\/wp-content\/uploads\/2022\/02\/logo-forel.jpg","contentUrl":"https:\/\/www.forelspa.com\/wp-content\/uploads\/2022\/02\/logo-forel.jpg","width":600,"height":147,"caption":"Forel"},"image":{"@id":"https:\/\/www.forelspa.com\/de\/#\/schema\/logo\/image\/"},"sameAs":["https:\/\/www.youtube.com\/c\/FORELspa"]}]}},"_links":{"self":[{"href":"https:\/\/www.forelspa.com\/de\/wp-json\/wp\/v2\/pages\/2477","targetHints":{"allow":["GET"]}}],"collection":[{"href":"https:\/\/www.forelspa.com\/de\/wp-json\/wp\/v2\/pages"}],"about":[{"href":"https:\/\/www.forelspa.com\/de\/wp-json\/wp\/v2\/types\/page"}],"author":[{"embeddable":true,"href":"https:\/\/www.forelspa.com\/de\/wp-json\/wp\/v2\/users\/3"}],"replies":[{"embeddable":true,"href":"https:\/\/www.forelspa.com\/de\/wp-json\/wp\/v2\/comments?post=2477"}],"version-history":[{"count":1,"href":"https:\/\/www.forelspa.com\/de\/wp-json\/wp\/v2\/pages\/2477\/revisions"}],"predecessor-version":[{"id":2512,"href":"https:\/\/www.forelspa.com\/de\/wp-json\/wp\/v2\/pages\/2477\/revisions\/2512"}],"wp:featuredmedia":[{"embeddable":true,"href":"https:\/\/www.forelspa.com\/de\/wp-json\/wp\/v2\/media\/1937"}],"wp:attachment":[{"href":"https:\/\/www.forelspa.com\/de\/wp-json\/wp\/v2\/media?parent=2477"}],"curies":[{"name":"wp","href":"https:\/\/api.w.org\/{rel}","templated":true}]}}