{"id":2350,"date":"2022-02-17T14:31:09","date_gmt":"2022-02-17T13:31:09","guid":{"rendered":"https:\/\/www.forelspa.com\/forel-uk\/"},"modified":"2025-10-13T10:47:06","modified_gmt":"2025-10-13T08:47:06","slug":"forel-uk","status":"publish","type":"page","link":"https:\/\/www.forelspa.com\/de\/forel-uk\/","title":{"rendered":"Forel UK &#038; Ireland"},"content":{"rendered":"<p>Lorem ipsum dolor sit amet, consectetur adipiscing elit. Quisque volutpat dignissim neque non accumsan. Cras ac magna orci. Sed ut nibh turpis. Donec venenatis enim vel enim malesuada, sit amet pretium tortor dapibus.<\/p>\n","protected":false},"excerpt":{"rendered":"<p>Lorem ipsum dolor sit amet, consectetur adipiscing elit. Quisque volutpat dignissim neque non accumsan. Cras ac magna orci. Sed ut nibh turpis. Donec venenatis enim vel enim malesuada, sit amet pretium tortor dapibus.<\/p>\n","protected":false},"author":3,"featured_media":0,"parent":0,"menu_order":0,"comment_status":"closed","ping_status":"closed","template":"templates\/tpl-foreign-branch.php","meta":{"_acf_changed":false},"class_list":["post-2350","page","type-page","status-publish","hentry"],"acf":[],"yoast_head":"<!-- This site is optimized with the Yoast SEO plugin v27.0 - https:\/\/yoast.com\/product\/yoast-seo-wordpress\/ -->\n<title>Forel UK &amp; Ireland - Forel<\/title>\n<meta name=\"description\" content=\"Forel-L\u00f6sungen f\u00fcr Flachglas sind seit \u00fcber 30 Jahren in Gro\u00dfbritannien und Irland erh\u00e4ltlich und bieten ein hohes Ma\u00df an Automatisierung, Produktqualit\u00e4t und Service.\" \/>\n<meta name=\"robots\" content=\"index, follow, max-snippet:-1, max-image-preview:large, max-video-preview:-1\" \/>\n<link rel=\"canonical\" href=\"https:\/\/www.forelspa.com\/de\/forel-uk\/\" \/>\n<meta property=\"og:locale\" content=\"de_DE\" \/>\n<meta property=\"og:type\" content=\"article\" \/>\n<meta property=\"og:title\" content=\"Forel UK &amp; Ireland - Forel\" \/>\n<meta property=\"og:description\" content=\"Forel-L\u00f6sungen f\u00fcr Flachglas sind seit \u00fcber 30 Jahren in Gro\u00dfbritannien und Irland erh\u00e4ltlich und bieten ein hohes Ma\u00df an Automatisierung, Produktqualit\u00e4t und Service.\" \/>\n<meta property=\"og:url\" content=\"https:\/\/www.forelspa.com\/de\/forel-uk\/\" \/>\n<meta property=\"og:site_name\" content=\"Forel\" \/>\n<meta property=\"article:modified_time\" content=\"2025-10-13T08:47:06+00:00\" \/>\n<meta property=\"og:image\" content=\"https:\/\/www.forelspa.com\/wp-content\/uploads\/2022\/02\/logo-forel.jpg\" \/>\n\t<meta property=\"og:image:width\" content=\"600\" \/>\n\t<meta property=\"og:image:height\" content=\"147\" \/>\n\t<meta property=\"og:image:type\" content=\"image\/jpeg\" \/>\n<meta name=\"twitter:card\" content=\"summary_large_image\" \/>\n<meta name=\"twitter:label1\" content=\"Gesch\u00e4tzte Lesezeit\" \/>\n\t<meta name=\"twitter:data1\" content=\"1\u00a0Minute\" \/>\n<script type=\"application\/ld+json\" class=\"yoast-schema-graph\">{\"@context\":\"https:\/\/schema.org\",\"@graph\":[{\"@type\":\"WebPage\",\"@id\":\"https:\/\/www.forelspa.com\/de\/forel-uk\/\",\"url\":\"https:\/\/www.forelspa.com\/de\/forel-uk\/\",\"name\":\"Forel UK & Ireland - Forel\",\"isPartOf\":{\"@id\":\"https:\/\/www.forelspa.com\/de\/#website\"},\"datePublished\":\"2022-02-17T13:31:09+00:00\",\"dateModified\":\"2025-10-13T08:47:06+00:00\",\"description\":\"Forel-L\u00f6sungen f\u00fcr Flachglas sind seit \u00fcber 30 Jahren in Gro\u00dfbritannien und Irland erh\u00e4ltlich und bieten ein hohes Ma\u00df an Automatisierung, Produktqualit\u00e4t und Service.\",\"breadcrumb\":{\"@id\":\"https:\/\/www.forelspa.com\/de\/forel-uk\/#breadcrumb\"},\"inLanguage\":\"de\",\"potentialAction\":[{\"@type\":\"ReadAction\",\"target\":[\"https:\/\/www.forelspa.com\/de\/forel-uk\/\"]}]},{\"@type\":\"BreadcrumbList\",\"@id\":\"https:\/\/www.forelspa.com\/de\/forel-uk\/#breadcrumb\",\"itemListElement\":[{\"@type\":\"ListItem\",\"position\":1,\"name\":\"Home\",\"item\":\"https:\/\/www.forelspa.com\/de\/\"},{\"@type\":\"ListItem\",\"position\":2,\"name\":\"Forel UK &#038; Ireland\"}]},{\"@type\":\"WebSite\",\"@id\":\"https:\/\/www.forelspa.com\/de\/#website\",\"url\":\"https:\/\/www.forelspa.com\/de\/\",\"name\":\"Forel\",\"description\":\"Machinery for flat glass &amp; double glazing industries\",\"publisher\":{\"@id\":\"https:\/\/www.forelspa.com\/de\/#organization\"},\"alternateName\":\"Forel Spa\",\"potentialAction\":[{\"@type\":\"SearchAction\",\"target\":{\"@type\":\"EntryPoint\",\"urlTemplate\":\"https:\/\/www.forelspa.com\/de\/?s={search_term_string}\"},\"query-input\":{\"@type\":\"PropertyValueSpecification\",\"valueRequired\":true,\"valueName\":\"search_term_string\"}}],\"inLanguage\":\"de\"},{\"@type\":\"Organization\",\"@id\":\"https:\/\/www.forelspa.com\/de\/#organization\",\"name\":\"Forel\",\"url\":\"https:\/\/www.forelspa.com\/de\/\",\"logo\":{\"@type\":\"ImageObject\",\"inLanguage\":\"de\",\"@id\":\"https:\/\/www.forelspa.com\/de\/#\/schema\/logo\/image\/\",\"url\":\"https:\/\/www.forelspa.com\/wp-content\/uploads\/2022\/02\/logo-forel.jpg\",\"contentUrl\":\"https:\/\/www.forelspa.com\/wp-content\/uploads\/2022\/02\/logo-forel.jpg\",\"width\":600,\"height\":147,\"caption\":\"Forel\"},\"image\":{\"@id\":\"https:\/\/www.forelspa.com\/de\/#\/schema\/logo\/image\/\"},\"sameAs\":[\"https:\/\/www.youtube.com\/c\/FORELspa\"]}]}<\/script>\n<!-- \/ Yoast SEO plugin. -->","yoast_head_json":{"title":"Forel UK & Ireland - Forel","description":"Forel-L\u00f6sungen f\u00fcr Flachglas sind seit \u00fcber 30 Jahren in Gro\u00dfbritannien und Irland erh\u00e4ltlich und bieten ein hohes Ma\u00df an Automatisierung, Produktqualit\u00e4t und Service.","robots":{"index":"index","follow":"follow","max-snippet":"max-snippet:-1","max-image-preview":"max-image-preview:large","max-video-preview":"max-video-preview:-1"},"canonical":"https:\/\/www.forelspa.com\/de\/forel-uk\/","og_locale":"de_DE","og_type":"article","og_title":"Forel UK & Ireland - Forel","og_description":"Forel-L\u00f6sungen f\u00fcr Flachglas sind seit \u00fcber 30 Jahren in Gro\u00dfbritannien und Irland erh\u00e4ltlich und bieten ein hohes Ma\u00df an Automatisierung, Produktqualit\u00e4t und Service.","og_url":"https:\/\/www.forelspa.com\/de\/forel-uk\/","og_site_name":"Forel","article_modified_time":"2025-10-13T08:47:06+00:00","og_image":[{"width":600,"height":147,"url":"https:\/\/www.forelspa.com\/wp-content\/uploads\/2022\/02\/logo-forel.jpg","type":"image\/jpeg"}],"twitter_card":"summary_large_image","twitter_misc":{"Gesch\u00e4tzte Lesezeit":"1\u00a0Minute"},"schema":{"@context":"https:\/\/schema.org","@graph":[{"@type":"WebPage","@id":"https:\/\/www.forelspa.com\/de\/forel-uk\/","url":"https:\/\/www.forelspa.com\/de\/forel-uk\/","name":"Forel UK & Ireland - Forel","isPartOf":{"@id":"https:\/\/www.forelspa.com\/de\/#website"},"datePublished":"2022-02-17T13:31:09+00:00","dateModified":"2025-10-13T08:47:06+00:00","description":"Forel-L\u00f6sungen f\u00fcr Flachglas sind seit \u00fcber 30 Jahren in Gro\u00dfbritannien und Irland erh\u00e4ltlich und bieten ein hohes Ma\u00df an Automatisierung, Produktqualit\u00e4t und Service.","breadcrumb":{"@id":"https:\/\/www.forelspa.com\/de\/forel-uk\/#breadcrumb"},"inLanguage":"de","potentialAction":[{"@type":"ReadAction","target":["https:\/\/www.forelspa.com\/de\/forel-uk\/"]}]},{"@type":"BreadcrumbList","@id":"https:\/\/www.forelspa.com\/de\/forel-uk\/#breadcrumb","itemListElement":[{"@type":"ListItem","position":1,"name":"Home","item":"https:\/\/www.forelspa.com\/de\/"},{"@type":"ListItem","position":2,"name":"Forel UK &#038; Ireland"}]},{"@type":"WebSite","@id":"https:\/\/www.forelspa.com\/de\/#website","url":"https:\/\/www.forelspa.com\/de\/","name":"Forel","description":"Machinery for flat glass &amp; double glazing industries","publisher":{"@id":"https:\/\/www.forelspa.com\/de\/#organization"},"alternateName":"Forel Spa","potentialAction":[{"@type":"SearchAction","target":{"@type":"EntryPoint","urlTemplate":"https:\/\/www.forelspa.com\/de\/?s={search_term_string}"},"query-input":{"@type":"PropertyValueSpecification","valueRequired":true,"valueName":"search_term_string"}}],"inLanguage":"de"},{"@type":"Organization","@id":"https:\/\/www.forelspa.com\/de\/#organization","name":"Forel","url":"https:\/\/www.forelspa.com\/de\/","logo":{"@type":"ImageObject","inLanguage":"de","@id":"https:\/\/www.forelspa.com\/de\/#\/schema\/logo\/image\/","url":"https:\/\/www.forelspa.com\/wp-content\/uploads\/2022\/02\/logo-forel.jpg","contentUrl":"https:\/\/www.forelspa.com\/wp-content\/uploads\/2022\/02\/logo-forel.jpg","width":600,"height":147,"caption":"Forel"},"image":{"@id":"https:\/\/www.forelspa.com\/de\/#\/schema\/logo\/image\/"},"sameAs":["https:\/\/www.youtube.com\/c\/FORELspa"]}]}},"_links":{"self":[{"href":"https:\/\/www.forelspa.com\/de\/wp-json\/wp\/v2\/pages\/2350","targetHints":{"allow":["GET"]}}],"collection":[{"href":"https:\/\/www.forelspa.com\/de\/wp-json\/wp\/v2\/pages"}],"about":[{"href":"https:\/\/www.forelspa.com\/de\/wp-json\/wp\/v2\/types\/page"}],"author":[{"embeddable":true,"href":"https:\/\/www.forelspa.com\/de\/wp-json\/wp\/v2\/users\/3"}],"replies":[{"embeddable":true,"href":"https:\/\/www.forelspa.com\/de\/wp-json\/wp\/v2\/comments?post=2350"}],"version-history":[{"count":1,"href":"https:\/\/www.forelspa.com\/de\/wp-json\/wp\/v2\/pages\/2350\/revisions"}],"predecessor-version":[{"id":13511,"href":"https:\/\/www.forelspa.com\/de\/wp-json\/wp\/v2\/pages\/2350\/revisions\/13511"}],"wp:attachment":[{"href":"https:\/\/www.forelspa.com\/de\/wp-json\/wp\/v2\/media?parent=2350"}],"curies":[{"name":"wp","href":"https:\/\/api.w.org\/{rel}","templated":true}]}}