{"id":2253,"date":"2022-02-01T15:26:25","date_gmt":"2022-02-01T14:26:25","guid":{"rendered":"https:\/\/www.forelspa.com\/about-us\/"},"modified":"2026-01-20T15:14:20","modified_gmt":"2026-01-20T14:14:20","slug":"ueber-uns","status":"publish","type":"page","link":"https:\/\/www.forelspa.com\/de\/ueber-uns\/","title":{"rendered":"\u00dcber uns"},"content":{"rendered":"<p>&#8211;<\/p>\n","protected":false},"excerpt":{"rendered":"<p>&#8211;<\/p>\n","protected":false},"author":3,"featured_media":0,"parent":0,"menu_order":20,"comment_status":"closed","ping_status":"closed","template":"templates\/tpl_about_us.php","meta":{"_acf_changed":false},"class_list":["post-2253","page","type-page","status-publish","hentry"],"acf":[],"yoast_head":"<!-- This site is optimized with the Yoast SEO plugin v27.0 - https:\/\/yoast.com\/product\/yoast-seo-wordpress\/ -->\n<title>\u00dcber uns - Forel<\/title>\n<meta name=\"description\" content=\"Forel entwirft, entwickelt, produziert und patentiert seine L\u00f6sungen in Italien. Diese hohe Konzentration an Aktivit\u00e4ten gew\u00e4hrleistet ein H\u00f6chstma\u00df an Qualit\u00e4t. Alle Schritte des Prozesses, von den ersten Zeichnungen bis zum Kundendienst, unterliegen einer strengen Kontrolle.\" \/>\n<meta name=\"robots\" content=\"index, follow, max-snippet:-1, max-image-preview:large, max-video-preview:-1\" \/>\n<link rel=\"canonical\" href=\"https:\/\/www.forelspa.com\/de\/ueber-uns\/\" \/>\n<meta property=\"og:locale\" content=\"de_DE\" \/>\n<meta property=\"og:type\" content=\"article\" \/>\n<meta property=\"og:title\" content=\"\u00dcber uns - Forel\" \/>\n<meta property=\"og:description\" content=\"Forel entwirft, entwickelt, produziert und patentiert seine L\u00f6sungen in Italien. Diese hohe Konzentration an Aktivit\u00e4ten gew\u00e4hrleistet ein H\u00f6chstma\u00df an Qualit\u00e4t. Alle Schritte des Prozesses, von den ersten Zeichnungen bis zum Kundendienst, unterliegen einer strengen Kontrolle.\" \/>\n<meta property=\"og:url\" content=\"https:\/\/www.forelspa.com\/de\/ueber-uns\/\" \/>\n<meta property=\"og:site_name\" content=\"Forel\" \/>\n<meta property=\"article:modified_time\" content=\"2026-01-20T14:14:20+00:00\" \/>\n<meta property=\"og:image\" content=\"https:\/\/www.forelspa.com\/wp-content\/uploads\/2022\/02\/logo-forel.jpg\" \/>\n\t<meta property=\"og:image:width\" content=\"600\" \/>\n\t<meta property=\"og:image:height\" content=\"147\" \/>\n\t<meta property=\"og:image:type\" content=\"image\/jpeg\" \/>\n<meta name=\"twitter:card\" content=\"summary_large_image\" \/>\n<script type=\"application\/ld+json\" class=\"yoast-schema-graph\">{\"@context\":\"https:\/\/schema.org\",\"@graph\":[{\"@type\":\"WebPage\",\"@id\":\"https:\/\/www.forelspa.com\/de\/ueber-uns\/\",\"url\":\"https:\/\/www.forelspa.com\/de\/ueber-uns\/\",\"name\":\"\u00dcber uns - Forel\",\"isPartOf\":{\"@id\":\"https:\/\/www.forelspa.com\/de\/#website\"},\"datePublished\":\"2022-02-01T14:26:25+00:00\",\"dateModified\":\"2026-01-20T14:14:20+00:00\",\"description\":\"Forel entwirft, entwickelt, produziert und patentiert seine L\u00f6sungen in Italien. Diese hohe Konzentration an Aktivit\u00e4ten gew\u00e4hrleistet ein H\u00f6chstma\u00df an Qualit\u00e4t. Alle Schritte des Prozesses, von den ersten Zeichnungen bis zum Kundendienst, unterliegen einer strengen Kontrolle.\",\"breadcrumb\":{\"@id\":\"https:\/\/www.forelspa.com\/de\/ueber-uns\/#breadcrumb\"},\"inLanguage\":\"de\",\"potentialAction\":[{\"@type\":\"ReadAction\",\"target\":[\"https:\/\/www.forelspa.com\/de\/ueber-uns\/\"]}]},{\"@type\":\"BreadcrumbList\",\"@id\":\"https:\/\/www.forelspa.com\/de\/ueber-uns\/#breadcrumb\",\"itemListElement\":[{\"@type\":\"ListItem\",\"position\":1,\"name\":\"Home\",\"item\":\"https:\/\/www.forelspa.com\/de\/\"},{\"@type\":\"ListItem\",\"position\":2,\"name\":\"\u00dcber uns\"}]},{\"@type\":\"WebSite\",\"@id\":\"https:\/\/www.forelspa.com\/de\/#website\",\"url\":\"https:\/\/www.forelspa.com\/de\/\",\"name\":\"Forel\",\"description\":\"Machinery for flat glass &amp; double glazing industries\",\"publisher\":{\"@id\":\"https:\/\/www.forelspa.com\/de\/#organization\"},\"alternateName\":\"Forel Spa\",\"potentialAction\":[{\"@type\":\"SearchAction\",\"target\":{\"@type\":\"EntryPoint\",\"urlTemplate\":\"https:\/\/www.forelspa.com\/de\/?s={search_term_string}\"},\"query-input\":{\"@type\":\"PropertyValueSpecification\",\"valueRequired\":true,\"valueName\":\"search_term_string\"}}],\"inLanguage\":\"de\"},{\"@type\":\"Organization\",\"@id\":\"https:\/\/www.forelspa.com\/de\/#organization\",\"name\":\"Forel\",\"url\":\"https:\/\/www.forelspa.com\/de\/\",\"logo\":{\"@type\":\"ImageObject\",\"inLanguage\":\"de\",\"@id\":\"https:\/\/www.forelspa.com\/de\/#\/schema\/logo\/image\/\",\"url\":\"https:\/\/www.forelspa.com\/wp-content\/uploads\/2022\/02\/logo-forel.jpg\",\"contentUrl\":\"https:\/\/www.forelspa.com\/wp-content\/uploads\/2022\/02\/logo-forel.jpg\",\"width\":600,\"height\":147,\"caption\":\"Forel\"},\"image\":{\"@id\":\"https:\/\/www.forelspa.com\/de\/#\/schema\/logo\/image\/\"},\"sameAs\":[\"https:\/\/www.youtube.com\/c\/FORELspa\"]}]}<\/script>\n<!-- \/ Yoast SEO plugin. -->","yoast_head_json":{"title":"\u00dcber uns - Forel","description":"Forel entwirft, entwickelt, produziert und patentiert seine L\u00f6sungen in Italien. Diese hohe Konzentration an Aktivit\u00e4ten gew\u00e4hrleistet ein H\u00f6chstma\u00df an Qualit\u00e4t. Alle Schritte des Prozesses, von den ersten Zeichnungen bis zum Kundendienst, unterliegen einer strengen Kontrolle.","robots":{"index":"index","follow":"follow","max-snippet":"max-snippet:-1","max-image-preview":"max-image-preview:large","max-video-preview":"max-video-preview:-1"},"canonical":"https:\/\/www.forelspa.com\/de\/ueber-uns\/","og_locale":"de_DE","og_type":"article","og_title":"\u00dcber uns - Forel","og_description":"Forel entwirft, entwickelt, produziert und patentiert seine L\u00f6sungen in Italien. Diese hohe Konzentration an Aktivit\u00e4ten gew\u00e4hrleistet ein H\u00f6chstma\u00df an Qualit\u00e4t. Alle Schritte des Prozesses, von den ersten Zeichnungen bis zum Kundendienst, unterliegen einer strengen Kontrolle.","og_url":"https:\/\/www.forelspa.com\/de\/ueber-uns\/","og_site_name":"Forel","article_modified_time":"2026-01-20T14:14:20+00:00","og_image":[{"width":600,"height":147,"url":"https:\/\/www.forelspa.com\/wp-content\/uploads\/2022\/02\/logo-forel.jpg","type":"image\/jpeg"}],"twitter_card":"summary_large_image","schema":{"@context":"https:\/\/schema.org","@graph":[{"@type":"WebPage","@id":"https:\/\/www.forelspa.com\/de\/ueber-uns\/","url":"https:\/\/www.forelspa.com\/de\/ueber-uns\/","name":"\u00dcber uns - Forel","isPartOf":{"@id":"https:\/\/www.forelspa.com\/de\/#website"},"datePublished":"2022-02-01T14:26:25+00:00","dateModified":"2026-01-20T14:14:20+00:00","description":"Forel entwirft, entwickelt, produziert und patentiert seine L\u00f6sungen in Italien. Diese hohe Konzentration an Aktivit\u00e4ten gew\u00e4hrleistet ein H\u00f6chstma\u00df an Qualit\u00e4t. Alle Schritte des Prozesses, von den ersten Zeichnungen bis zum Kundendienst, unterliegen einer strengen Kontrolle.","breadcrumb":{"@id":"https:\/\/www.forelspa.com\/de\/ueber-uns\/#breadcrumb"},"inLanguage":"de","potentialAction":[{"@type":"ReadAction","target":["https:\/\/www.forelspa.com\/de\/ueber-uns\/"]}]},{"@type":"BreadcrumbList","@id":"https:\/\/www.forelspa.com\/de\/ueber-uns\/#breadcrumb","itemListElement":[{"@type":"ListItem","position":1,"name":"Home","item":"https:\/\/www.forelspa.com\/de\/"},{"@type":"ListItem","position":2,"name":"\u00dcber uns"}]},{"@type":"WebSite","@id":"https:\/\/www.forelspa.com\/de\/#website","url":"https:\/\/www.forelspa.com\/de\/","name":"Forel","description":"Machinery for flat glass &amp; double glazing industries","publisher":{"@id":"https:\/\/www.forelspa.com\/de\/#organization"},"alternateName":"Forel Spa","potentialAction":[{"@type":"SearchAction","target":{"@type":"EntryPoint","urlTemplate":"https:\/\/www.forelspa.com\/de\/?s={search_term_string}"},"query-input":{"@type":"PropertyValueSpecification","valueRequired":true,"valueName":"search_term_string"}}],"inLanguage":"de"},{"@type":"Organization","@id":"https:\/\/www.forelspa.com\/de\/#organization","name":"Forel","url":"https:\/\/www.forelspa.com\/de\/","logo":{"@type":"ImageObject","inLanguage":"de","@id":"https:\/\/www.forelspa.com\/de\/#\/schema\/logo\/image\/","url":"https:\/\/www.forelspa.com\/wp-content\/uploads\/2022\/02\/logo-forel.jpg","contentUrl":"https:\/\/www.forelspa.com\/wp-content\/uploads\/2022\/02\/logo-forel.jpg","width":600,"height":147,"caption":"Forel"},"image":{"@id":"https:\/\/www.forelspa.com\/de\/#\/schema\/logo\/image\/"},"sameAs":["https:\/\/www.youtube.com\/c\/FORELspa"]}]}},"_links":{"self":[{"href":"https:\/\/www.forelspa.com\/de\/wp-json\/wp\/v2\/pages\/2253","targetHints":{"allow":["GET"]}}],"collection":[{"href":"https:\/\/www.forelspa.com\/de\/wp-json\/wp\/v2\/pages"}],"about":[{"href":"https:\/\/www.forelspa.com\/de\/wp-json\/wp\/v2\/types\/page"}],"author":[{"embeddable":true,"href":"https:\/\/www.forelspa.com\/de\/wp-json\/wp\/v2\/users\/3"}],"replies":[{"embeddable":true,"href":"https:\/\/www.forelspa.com\/de\/wp-json\/wp\/v2\/comments?post=2253"}],"version-history":[{"count":1,"href":"https:\/\/www.forelspa.com\/de\/wp-json\/wp\/v2\/pages\/2253\/revisions"}],"predecessor-version":[{"id":14472,"href":"https:\/\/www.forelspa.com\/de\/wp-json\/wp\/v2\/pages\/2253\/revisions\/14472"}],"wp:attachment":[{"href":"https:\/\/www.forelspa.com\/de\/wp-json\/wp\/v2\/media?parent=2253"}],"curies":[{"name":"wp","href":"https:\/\/api.w.org\/{rel}","templated":true}]}}