{"id":12157,"date":"2025-05-19T15:52:20","date_gmt":"2025-05-19T13:52:20","guid":{"rendered":"https:\/\/www.forelspa.com\/forel-north-europe\/"},"modified":"2025-10-06T10:10:39","modified_gmt":"2025-10-06T08:10:39","slug":"forel-north-europe","status":"publish","type":"page","link":"https:\/\/www.forelspa.com\/de\/forel-north-europe\/","title":{"rendered":"Forel North Europe"},"content":{"rendered":"<p>Die Niederlassung Forel North Europe wurde im Februar 2025 in M\u00f6nchengladbach (Deutschland) gegr\u00fcndet, um einen direkten Bezugspunkt f\u00fcr Kunden und Glasverarbeiter in der zentral- und nordeurop\u00e4ischen sowie skandinavischen Region zu bieten.<\/p>\n","protected":false},"excerpt":{"rendered":"<p>Die Niederlassung Forel North Europe wurde im Februar 2025 in M\u00f6nchengladbach (Deutschland) gegr\u00fcndet, um einen direkten Bezugspunkt f\u00fcr Kunden und Glasverarbeiter in der zentral- und nordeurop\u00e4ischen sowie skandinavischen Region zu bieten.<\/p>\n","protected":false},"author":5,"featured_media":0,"parent":0,"menu_order":0,"comment_status":"closed","ping_status":"closed","template":"templates\/tpl-foreign-branch.php","meta":{"_acf_changed":false},"class_list":["post-12157","page","type-page","status-publish","hentry"],"acf":[],"yoast_head":"<!-- This site is optimized with the Yoast SEO plugin v27.0 - https:\/\/yoast.com\/product\/yoast-seo-wordpress\/ -->\n<title>Forel North Europe<\/title>\n<meta name=\"description\" content=\"La filiale Forel North America \u00e8 stata istituita nel 2015 a Minneapolis (Minnesota), per offrire un punto di riferimento diretto ai vetrai statunitensi e canadesi.The Forel North Europe branch was established in February 2025 in M\u00f6nchengladbach (Germany) to provide a direct point of reference for customers and glaziers within the Central European and Scandinavian region.\" \/>\n<meta name=\"robots\" content=\"index, follow, max-snippet:-1, max-image-preview:large, max-video-preview:-1\" \/>\n<link rel=\"canonical\" href=\"https:\/\/www.forelspa.com\/de\/forel-north-europe\/\" \/>\n<meta property=\"og:locale\" content=\"de_DE\" \/>\n<meta property=\"og:type\" content=\"article\" \/>\n<meta property=\"og:title\" content=\"Forel North Europe\" \/>\n<meta property=\"og:description\" content=\"La filiale Forel North America \u00e8 stata istituita nel 2015 a Minneapolis (Minnesota), per offrire un punto di riferimento diretto ai vetrai statunitensi e canadesi.The Forel North Europe branch was established in February 2025 in M\u00f6nchengladbach (Germany) to provide a direct point of reference for customers and glaziers within the Central European and Scandinavian region.\" \/>\n<meta property=\"og:url\" content=\"https:\/\/www.forelspa.com\/de\/forel-north-europe\/\" \/>\n<meta property=\"og:site_name\" content=\"Forel\" \/>\n<meta property=\"article:modified_time\" content=\"2025-10-06T08:10:39+00:00\" \/>\n<meta property=\"og:image\" content=\"https:\/\/www.forelspa.com\/wp-content\/uploads\/2022\/02\/logo-forel.jpg\" \/>\n\t<meta property=\"og:image:width\" content=\"600\" \/>\n\t<meta property=\"og:image:height\" content=\"147\" \/>\n\t<meta property=\"og:image:type\" content=\"image\/jpeg\" \/>\n<meta name=\"twitter:card\" content=\"summary_large_image\" \/>\n<meta name=\"twitter:label1\" content=\"Gesch\u00e4tzte Lesezeit\" \/>\n\t<meta name=\"twitter:data1\" content=\"1\u00a0Minute\" \/>\n<script type=\"application\/ld+json\" class=\"yoast-schema-graph\">{\"@context\":\"https:\/\/schema.org\",\"@graph\":[{\"@type\":\"WebPage\",\"@id\":\"https:\/\/www.forelspa.com\/de\/forel-north-europe\/\",\"url\":\"https:\/\/www.forelspa.com\/de\/forel-north-europe\/\",\"name\":\"Forel North Europe\",\"isPartOf\":{\"@id\":\"https:\/\/www.forelspa.com\/de\/#website\"},\"datePublished\":\"2025-05-19T13:52:20+00:00\",\"dateModified\":\"2025-10-06T08:10:39+00:00\",\"description\":\"La filiale Forel North America \u00e8 stata istituita nel 2015 a Minneapolis (Minnesota), per offrire un punto di riferimento diretto ai vetrai statunitensi e canadesi.The Forel North Europe branch was established in February 2025 in M\u00f6nchengladbach (Germany) to provide a direct point of reference for customers and glaziers within the Central European and Scandinavian region.\",\"breadcrumb\":{\"@id\":\"https:\/\/www.forelspa.com\/de\/forel-north-europe\/#breadcrumb\"},\"inLanguage\":\"de\",\"potentialAction\":[{\"@type\":\"ReadAction\",\"target\":[\"https:\/\/www.forelspa.com\/de\/forel-north-europe\/\"]}]},{\"@type\":\"BreadcrumbList\",\"@id\":\"https:\/\/www.forelspa.com\/de\/forel-north-europe\/#breadcrumb\",\"itemListElement\":[{\"@type\":\"ListItem\",\"position\":1,\"name\":\"Home\",\"item\":\"https:\/\/www.forelspa.com\/de\/\"},{\"@type\":\"ListItem\",\"position\":2,\"name\":\"Forel North Europe\"}]},{\"@type\":\"WebSite\",\"@id\":\"https:\/\/www.forelspa.com\/de\/#website\",\"url\":\"https:\/\/www.forelspa.com\/de\/\",\"name\":\"Forel\",\"description\":\"Machinery for flat glass &amp; double glazing industries\",\"publisher\":{\"@id\":\"https:\/\/www.forelspa.com\/de\/#organization\"},\"alternateName\":\"Forel Spa\",\"potentialAction\":[{\"@type\":\"SearchAction\",\"target\":{\"@type\":\"EntryPoint\",\"urlTemplate\":\"https:\/\/www.forelspa.com\/de\/?s={search_term_string}\"},\"query-input\":{\"@type\":\"PropertyValueSpecification\",\"valueRequired\":true,\"valueName\":\"search_term_string\"}}],\"inLanguage\":\"de\"},{\"@type\":\"Organization\",\"@id\":\"https:\/\/www.forelspa.com\/de\/#organization\",\"name\":\"Forel\",\"url\":\"https:\/\/www.forelspa.com\/de\/\",\"logo\":{\"@type\":\"ImageObject\",\"inLanguage\":\"de\",\"@id\":\"https:\/\/www.forelspa.com\/de\/#\/schema\/logo\/image\/\",\"url\":\"https:\/\/www.forelspa.com\/wp-content\/uploads\/2022\/02\/logo-forel.jpg\",\"contentUrl\":\"https:\/\/www.forelspa.com\/wp-content\/uploads\/2022\/02\/logo-forel.jpg\",\"width\":600,\"height\":147,\"caption\":\"Forel\"},\"image\":{\"@id\":\"https:\/\/www.forelspa.com\/de\/#\/schema\/logo\/image\/\"},\"sameAs\":[\"https:\/\/www.youtube.com\/c\/FORELspa\"]}]}<\/script>\n<!-- \/ Yoast SEO plugin. -->","yoast_head_json":{"title":"Forel North Europe","description":"La filiale Forel North America \u00e8 stata istituita nel 2015 a Minneapolis (Minnesota), per offrire un punto di riferimento diretto ai vetrai statunitensi e canadesi.The Forel North Europe branch was established in February 2025 in M\u00f6nchengladbach (Germany) to provide a direct point of reference for customers and glaziers within the Central European and Scandinavian region.","robots":{"index":"index","follow":"follow","max-snippet":"max-snippet:-1","max-image-preview":"max-image-preview:large","max-video-preview":"max-video-preview:-1"},"canonical":"https:\/\/www.forelspa.com\/de\/forel-north-europe\/","og_locale":"de_DE","og_type":"article","og_title":"Forel North Europe","og_description":"La filiale Forel North America \u00e8 stata istituita nel 2015 a Minneapolis (Minnesota), per offrire un punto di riferimento diretto ai vetrai statunitensi e canadesi.The Forel North Europe branch was established in February 2025 in M\u00f6nchengladbach (Germany) to provide a direct point of reference for customers and glaziers within the Central European and Scandinavian region.","og_url":"https:\/\/www.forelspa.com\/de\/forel-north-europe\/","og_site_name":"Forel","article_modified_time":"2025-10-06T08:10:39+00:00","og_image":[{"width":600,"height":147,"url":"https:\/\/www.forelspa.com\/wp-content\/uploads\/2022\/02\/logo-forel.jpg","type":"image\/jpeg"}],"twitter_card":"summary_large_image","twitter_misc":{"Gesch\u00e4tzte Lesezeit":"1\u00a0Minute"},"schema":{"@context":"https:\/\/schema.org","@graph":[{"@type":"WebPage","@id":"https:\/\/www.forelspa.com\/de\/forel-north-europe\/","url":"https:\/\/www.forelspa.com\/de\/forel-north-europe\/","name":"Forel North Europe","isPartOf":{"@id":"https:\/\/www.forelspa.com\/de\/#website"},"datePublished":"2025-05-19T13:52:20+00:00","dateModified":"2025-10-06T08:10:39+00:00","description":"La filiale Forel North America \u00e8 stata istituita nel 2015 a Minneapolis (Minnesota), per offrire un punto di riferimento diretto ai vetrai statunitensi e canadesi.The Forel North Europe branch was established in February 2025 in M\u00f6nchengladbach (Germany) to provide a direct point of reference for customers and glaziers within the Central European and Scandinavian region.","breadcrumb":{"@id":"https:\/\/www.forelspa.com\/de\/forel-north-europe\/#breadcrumb"},"inLanguage":"de","potentialAction":[{"@type":"ReadAction","target":["https:\/\/www.forelspa.com\/de\/forel-north-europe\/"]}]},{"@type":"BreadcrumbList","@id":"https:\/\/www.forelspa.com\/de\/forel-north-europe\/#breadcrumb","itemListElement":[{"@type":"ListItem","position":1,"name":"Home","item":"https:\/\/www.forelspa.com\/de\/"},{"@type":"ListItem","position":2,"name":"Forel North Europe"}]},{"@type":"WebSite","@id":"https:\/\/www.forelspa.com\/de\/#website","url":"https:\/\/www.forelspa.com\/de\/","name":"Forel","description":"Machinery for flat glass &amp; double glazing industries","publisher":{"@id":"https:\/\/www.forelspa.com\/de\/#organization"},"alternateName":"Forel Spa","potentialAction":[{"@type":"SearchAction","target":{"@type":"EntryPoint","urlTemplate":"https:\/\/www.forelspa.com\/de\/?s={search_term_string}"},"query-input":{"@type":"PropertyValueSpecification","valueRequired":true,"valueName":"search_term_string"}}],"inLanguage":"de"},{"@type":"Organization","@id":"https:\/\/www.forelspa.com\/de\/#organization","name":"Forel","url":"https:\/\/www.forelspa.com\/de\/","logo":{"@type":"ImageObject","inLanguage":"de","@id":"https:\/\/www.forelspa.com\/de\/#\/schema\/logo\/image\/","url":"https:\/\/www.forelspa.com\/wp-content\/uploads\/2022\/02\/logo-forel.jpg","contentUrl":"https:\/\/www.forelspa.com\/wp-content\/uploads\/2022\/02\/logo-forel.jpg","width":600,"height":147,"caption":"Forel"},"image":{"@id":"https:\/\/www.forelspa.com\/de\/#\/schema\/logo\/image\/"},"sameAs":["https:\/\/www.youtube.com\/c\/FORELspa"]}]}},"_links":{"self":[{"href":"https:\/\/www.forelspa.com\/de\/wp-json\/wp\/v2\/pages\/12157","targetHints":{"allow":["GET"]}}],"collection":[{"href":"https:\/\/www.forelspa.com\/de\/wp-json\/wp\/v2\/pages"}],"about":[{"href":"https:\/\/www.forelspa.com\/de\/wp-json\/wp\/v2\/types\/page"}],"author":[{"embeddable":true,"href":"https:\/\/www.forelspa.com\/de\/wp-json\/wp\/v2\/users\/5"}],"replies":[{"embeddable":true,"href":"https:\/\/www.forelspa.com\/de\/wp-json\/wp\/v2\/comments?post=12157"}],"version-history":[{"count":1,"href":"https:\/\/www.forelspa.com\/de\/wp-json\/wp\/v2\/pages\/12157\/revisions"}],"predecessor-version":[{"id":13244,"href":"https:\/\/www.forelspa.com\/de\/wp-json\/wp\/v2\/pages\/12157\/revisions\/13244"}],"wp:attachment":[{"href":"https:\/\/www.forelspa.com\/de\/wp-json\/wp\/v2\/media?parent=12157"}],"curies":[{"name":"wp","href":"https:\/\/api.w.org\/{rel}","templated":true}]}}